{"id":13237,"date":"2023-10-20T11:29:32","date_gmt":"2023-10-20T09:29:32","guid":{"rendered":"https:\/\/www.mtcomax.cz\/sustainability\/"},"modified":"2025-09-29T13:03:06","modified_gmt":"2025-09-29T11:03:06","slug":"sostenibilita","status":"publish","type":"page","link":"https:\/\/www.mtcomax.cz\/it\/sostenibilita\/","title":{"rendered":"Sostenibilit\u00e0"},"content":{"rendered":"<p style=\"text-align: center;\">\u201cNon ereditiamo la Terra dai nostri antenati, ma la prendiamo in prestito dai nostri figli.\u201d<br \/>\n(Proverbio indiano)<br \/>\n<a class=\"kt-img-link\" href=\"https:\/\/www.mtcomax.cz\/wp-content\/uploads\/2023\/11\/udrzitelnost2-scaled.jpg\"><img decoding=\"async\" class=\"aligncenter wp-image-1079 size-full\" src=\"data:image\/gif;base64,R0lGODlhAQABAIAAAAAAAP\/\/\/yH5BAEAAAAALAAAAAABAAEAAAIBRAA7\" data-src=\"https:\/\/www.mtcomax.cz\/wp-content\/uploads\/2023\/11\/udrzitelnost2-scaled.jpg\" alt=\"Sostenibilit\u00e0 - METAL TRADE COMAX, a.s.\" width=\"2560\" height=\"1138\" srcset=\"data:image\/gif;base64,R0lGODlhAQABAIAAAAAAAP\/\/\/yH5BAEAAAAALAAAAAABAAEAAAIBRAA7\" data-srcset=\"https:\/\/www.mtcomax.cz\/wp-content\/uploads\/2023\/11\/udrzitelnost2-scaled.jpg 2560w, https:\/\/www.mtcomax.cz\/wp-content\/uploads\/2023\/11\/udrzitelnost2-300x133.jpg 300w, https:\/\/www.mtcomax.cz\/wp-content\/uploads\/2023\/11\/udrzitelnost2-1024x455.jpg 1024w, https:\/\/www.mtcomax.cz\/wp-content\/uploads\/2023\/11\/udrzitelnost2-768x341.jpg 768w, https:\/\/www.mtcomax.cz\/wp-content\/uploads\/2023\/11\/udrzitelnost2-1536x683.jpg 1536w, https:\/\/www.mtcomax.cz\/wp-content\/uploads\/2023\/11\/udrzitelnost2-2048x910.jpg 2048w\" sizes=\"(max-width: 2560px) 100vw, 2560px\" \/><\/a><\/p>\n<p>&nbsp;<\/p>\n<h2 style=\"text-align: center;\">La nostra responsabilit\u00e0 sociale<\/h2>\n<p>&nbsp;<\/p>\n<p><div class=\"columns-2 row\"><div class=\"column\"><\/p>\n<p><strong>METAL TRADE COMAX, a.s.<\/strong> si \u00e8 assunta la responsabilit\u00e0 del cambiamento climatico e ha definito una <strong>strategia di sostenibilit\u00e0<\/strong> per ridurre l&#8217;impatto della nostra produzione sull&#8217;ambiente in conformit\u00e0 con gli European Sustainability Reporting Standards (ESRS) ai sensi della direttiva UE sulla rendicontazione di sostenibilit\u00e0 delle imprese (CSRD).<\/p>\n<p>Un approccio positivo all&#8217;ambiente \u00e8 parte integrante della nostra strategia e politica aziendale dal <strong>2005<\/strong>, anno in cui abbiamo ottenuto la certificazione <strong>ISO 14001 per il sistema di gestione ambientale.<\/strong><\/p>\n<hr \/>\n<p>Sulla base dello studio <strong>LCA<\/strong> (Life Cycle Assessment) redatto in conformit\u00e0 alle norme <strong>ISO 14025:2006 e EN 15804:2015+A2:2019<\/strong>, abbiamo finora preparato <strong>6 EPD<\/strong> che valutano l&#8217;impatto ambientale dei nostri prodotti quando introduciamo nuove tecnologie o ottimizziamo le risorse, che sono state verificate e pubblicate su <a href=\"https:\/\/www.environdec.com\/home\">www.environdec.com.<\/a><\/p>\n<ol>\n<li><a href=\"http:\/\/On the basis of the LCA (Life Cycle Assessment) study prepared in accordance with ISO 14025:2006 and EN 15804:2015+A2:2019, we have so far prepared 6 EPDs assessing the environmental impact of our products when introducing new technologies or optimizing resources, two of which have already been verified and published on www.environdec.com and four are in the process of verification.\">EPD Acciaio preverniciato<\/a> &#8211; secondo ISO 14025 e EN 15804 (2023)<\/li>\n<li><a href=\"http:\/\/On the basis of the LCA (Life Cycle Assessment) study prepared in accordance with ISO 14025:2006 and EN 15804:2015+A2:2019, we have so far prepared 6 EPDs assessing the environmental impact of our products when introducing new technologies or optimizing resources, two of which have already been verified and published on www.environdec.com and four are in the process of verification.\">EPD Alluminio preverniciato<\/a> &#8211; secondo ISO 14025 e EN 15804 (2023)<\/li>\n<li><a href=\"https:\/\/environdec.com\/library\/epd6015\">EPD Profili in acciaio<\/a> &#8211; Litovel &#8211; secondo ISO 14025 e EN 15804 (2024)<\/li>\n<li><a href=\"https:\/\/environdec.com\/library\/epd6072\">EPD Profili in acciaio per cartongesso<\/a> &#8211; Kol\u00edn &#8211; secondo ISO 14025 e EN 15804 (2024)<\/li>\n<li><a href=\"https:\/\/environdec.com\/library\/epd6092\">EPD Profili in acciaio<\/a> &#8211; Ko\u0161ice &#8211; secondo ISO 14025 e EN 15804 (2024)<\/li>\n<li><a href=\"https:\/\/environdec.com\/library\/epd6078\">EPD Profili in acciaio per cartongesso<\/a> &#8211; Ko\u0161ice &#8211; secondo ISO 14025 e EN 15804 (2024)<\/li>\n<\/ol>\n<p><\/div><div class=\"column\"><\/p>\n<p>Ci siamo impegnati a <strong>ridurre la nostra impronta di carbonio del 50% entro il 2035<\/strong> e a <strong>diventare carbon neutral entro il 2050<\/strong>. Questi sono i nostri passi concreti verso la sostenibilit\u00e0 e la neutralit\u00e0 carbonica.<\/p>\n<a class=\"kt-img-link\" href=\"https:\/\/www.mtcomax.cz\/wp-content\/uploads\/2024\/02\/roadmap-metal-trade-comax-en-1024x624.jpg\"><img decoding=\"async\" class=\"aligncenter wp-image-3614 size-large\" src=\"data:image\/gif;base64,R0lGODlhAQABAIAAAAAAAP\/\/\/yH5BAEAAAAALAAAAAABAAEAAAIBRAA7\" data-src=\"https:\/\/www.mtcomax.cz\/wp-content\/uploads\/2024\/02\/roadmap-metal-trade-comax-en-1024x624.jpg\" alt=\"Sostenibilit\u00e0 - METAL TRADE COMAX, a.s.\" width=\"1024\" height=\"624\" srcset=\"data:image\/gif;base64,R0lGODlhAQABAIAAAAAAAP\/\/\/yH5BAEAAAAALAAAAAABAAEAAAIBRAA7\" data-srcset=\"https:\/\/www.mtcomax.cz\/wp-content\/uploads\/2024\/02\/roadmap-metal-trade-comax-en-1024x624.jpg 1024w, https:\/\/www.mtcomax.cz\/wp-content\/uploads\/2024\/02\/roadmap-metal-trade-comax-en-300x183.jpg 300w, https:\/\/www.mtcomax.cz\/wp-content\/uploads\/2024\/02\/roadmap-metal-trade-comax-en-768x468.jpg 768w, https:\/\/www.mtcomax.cz\/wp-content\/uploads\/2024\/02\/roadmap-metal-trade-comax-en-1536x935.jpg 1536w, https:\/\/www.mtcomax.cz\/wp-content\/uploads\/2024\/02\/roadmap-metal-trade-comax-en.jpg 1800w\" sizes=\"(max-width: 1024px) 100vw, 1024px\" \/><\/a>\n<p>&nbsp;<\/p>\n","protected":false},"excerpt":{"rendered":"<p>\u201cNon ereditiamo la Terra dai nostri antenati, ma la prendiamo in prestito dai nostri figli.\u201d (Proverbio indiano) &nbsp; La nostra responsabilit\u00e0 sociale &nbsp; METAL TRADE COMAX, a.s. si \u00e8 assunta la responsabilit\u00e0 del cambiamento climatico e ha definito una strategia di sostenibilit\u00e0 per ridurre l&#8217;impatto della nostra produzione sull&#8217;ambiente in conformit\u00e0 con gli European Sustainability&#8230;<\/p>\n","protected":false},"author":1,"featured_media":0,"parent":0,"menu_order":0,"comment_status":"closed","ping_status":"closed","template":"pages\/page-blocks.php","meta":{"footnotes":""},"class_list":["post-13237","page","type-page","status-publish","hentry"],"yoast_head":"<!-- This site is optimized with the Yoast SEO plugin v25.6 - https:\/\/yoast.com\/wordpress\/plugins\/seo\/ -->\n<title>Sostenibilit\u00e0 | METAL TRADE COMAX, a.s.<\/title>\n<meta name=\"description\" content=\"Our company has been working to introduce sustainable procedures and is moving towards a comprehensive strategy with an emphasis on environmental protection.\" \/>\n<meta name=\"robots\" content=\"index, follow, max-snippet:-1, max-image-preview:large, max-video-preview:-1\" \/>\n<link rel=\"canonical\" href=\"https:\/\/www.mtcomax.cz\/it\/sostenibilita\/\" \/>\n<meta property=\"og:locale\" content=\"it_IT\" \/>\n<meta property=\"og:type\" content=\"article\" \/>\n<meta property=\"og:title\" content=\"Sostenibilit\u00e0 | METAL TRADE COMAX, a.s.\" \/>\n<meta property=\"og:description\" content=\"Our company has been working to introduce sustainable procedures and is moving towards a comprehensive strategy with an emphasis on environmental protection.\" \/>\n<meta property=\"og:url\" content=\"https:\/\/www.mtcomax.cz\/it\/sostenibilita\/\" \/>\n<meta property=\"og:site_name\" content=\"METAL TRADE COMAX, a.s.\" \/>\n<meta property=\"article:publisher\" content=\"https:\/\/www.facebook.com\/metaltradecomax\/\" \/>\n<meta property=\"article:modified_time\" content=\"2025-09-29T11:03:06+00:00\" \/>\n<meta property=\"og:image\" content=\"https:\/\/www.mtcomax.cz\/wp-content\/uploads\/2023\/11\/udrzitelnost2-scaled.jpg\" \/>\n\t<meta property=\"og:image:width\" content=\"2560\" \/>\n\t<meta property=\"og:image:height\" content=\"1138\" \/>\n\t<meta property=\"og:image:type\" content=\"image\/jpeg\" \/>\n<meta name=\"twitter:card\" content=\"summary_large_image\" \/>\n<meta name=\"twitter:label1\" content=\"Tempo di lettura stimato\" \/>\n\t<meta name=\"twitter:data1\" content=\"2 minuti\" \/>\n<!-- \/ Yoast SEO plugin. -->","yoast_head_json":{"title":"Sostenibilit\u00e0 | METAL TRADE COMAX, a.s.","description":"Our company has been working to introduce sustainable procedures and is moving towards a comprehensive strategy with an emphasis on environmental protection.","robots":{"index":"index","follow":"follow","max-snippet":"max-snippet:-1","max-image-preview":"max-image-preview:large","max-video-preview":"max-video-preview:-1"},"canonical":"https:\/\/www.mtcomax.cz\/it\/sostenibilita\/","og_locale":"it_IT","og_type":"article","og_title":"Sostenibilit\u00e0 | METAL TRADE COMAX, a.s.","og_description":"Our company has been working to introduce sustainable procedures and is moving towards a comprehensive strategy with an emphasis on environmental protection.","og_url":"https:\/\/www.mtcomax.cz\/it\/sostenibilita\/","og_site_name":"METAL TRADE COMAX, a.s.","article_publisher":"https:\/\/www.facebook.com\/metaltradecomax\/","article_modified_time":"2025-09-29T11:03:06+00:00","og_image":[{"width":2560,"height":1138,"url":"https:\/\/www.mtcomax.cz\/wp-content\/uploads\/2023\/11\/udrzitelnost2-scaled.jpg","type":"image\/jpeg"}],"twitter_card":"summary_large_image","twitter_misc":{"Tempo di lettura stimato":"2 minuti"},"schema":{"@context":"https:\/\/schema.org","@graph":[{"@type":"WebPage","@id":"https:\/\/www.mtcomax.cz\/it\/sostenibilita\/","url":"https:\/\/www.mtcomax.cz\/it\/sostenibilita\/","name":"Sostenibilit\u00e0 | METAL TRADE COMAX, a.s.","isPartOf":{"@id":"https:\/\/comax.brilo.work\/#website"},"primaryImageOfPage":{"@id":"https:\/\/www.mtcomax.cz\/it\/sostenibilita\/#primaryimage"},"image":{"@id":"https:\/\/www.mtcomax.cz\/it\/sostenibilita\/#primaryimage"},"thumbnailUrl":"https:\/\/www.mtcomax.cz\/wp-content\/uploads\/2023\/11\/udrzitelnost2-scaled.jpg","datePublished":"2023-10-20T09:29:32+00:00","dateModified":"2025-09-29T11:03:06+00:00","description":"Our company has been working to introduce sustainable procedures and is moving towards a comprehensive strategy with an emphasis on environmental protection.","breadcrumb":{"@id":"https:\/\/www.mtcomax.cz\/it\/sostenibilita\/#breadcrumb"},"inLanguage":"it-IT","potentialAction":[{"@type":"ReadAction","target":["https:\/\/www.mtcomax.cz\/it\/sostenibilita\/"]}]},{"@type":"ImageObject","inLanguage":"it-IT","@id":"https:\/\/www.mtcomax.cz\/it\/sostenibilita\/#primaryimage","url":"https:\/\/www.mtcomax.cz\/wp-content\/uploads\/2023\/11\/udrzitelnost2-scaled.jpg","contentUrl":"https:\/\/www.mtcomax.cz\/wp-content\/uploads\/2023\/11\/udrzitelnost2-scaled.jpg"},{"@type":"BreadcrumbList","@id":"https:\/\/www.mtcomax.cz\/it\/sostenibilita\/#breadcrumb","itemListElement":[{"@type":"ListItem","position":1,"name":"Dom\u016f","item":"https:\/\/www.mtcomax.cz\/it\/"},{"@type":"ListItem","position":2,"name":"Sostenibilit\u00e0"}]},{"@type":"WebSite","@id":"https:\/\/comax.brilo.work\/#website","url":"https:\/\/comax.brilo.work\/","name":"METAL TRADE COMAX, a.s.","description":"","publisher":{"@id":"https:\/\/comax.brilo.work\/#organization"},"potentialAction":[{"@type":"SearchAction","target":{"@type":"EntryPoint","urlTemplate":"https:\/\/comax.brilo.work\/?s={search_term_string}"},"query-input":{"@type":"PropertyValueSpecification","valueRequired":true,"valueName":"search_term_string"}}],"inLanguage":"it-IT"},{"@type":"Organization","@id":"https:\/\/comax.brilo.work\/#organization","name":"METAL TRADE COMAX, a.s.","url":"https:\/\/comax.brilo.work\/","logo":{"@type":"ImageObject","inLanguage":"it-IT","@id":"https:\/\/comax.brilo.work\/#\/schema\/logo\/image\/","url":"https:\/\/www.mtcomax.cz\/wp-content\/uploads\/2025\/09\/mtc-favikon-2.jpg","contentUrl":"https:\/\/www.mtcomax.cz\/wp-content\/uploads\/2025\/09\/mtc-favikon-2.jpg","width":500,"height":500,"caption":"METAL TRADE COMAX, a.s."},"image":{"@id":"https:\/\/comax.brilo.work\/#\/schema\/logo\/image\/"},"sameAs":["https:\/\/www.facebook.com\/metaltradecomax\/","https:\/\/www.instagram.com\/metal_trade_comax\/","https:\/\/www.linkedin.com\/company\/metal-trade-comax-a-s\/","https:\/\/www.youtube.com\/@metaltradecomaxa.s.8970"]}]}},"_links":{"self":[{"href":"https:\/\/www.mtcomax.cz\/it\/wp-json\/wp\/v2\/pages\/13237","targetHints":{"allow":["GET"]}}],"collection":[{"href":"https:\/\/www.mtcomax.cz\/it\/wp-json\/wp\/v2\/pages"}],"about":[{"href":"https:\/\/www.mtcomax.cz\/it\/wp-json\/wp\/v2\/types\/page"}],"author":[{"embeddable":true,"href":"https:\/\/www.mtcomax.cz\/it\/wp-json\/wp\/v2\/users\/1"}],"replies":[{"embeddable":true,"href":"https:\/\/www.mtcomax.cz\/it\/wp-json\/wp\/v2\/comments?post=13237"}],"version-history":[{"count":2,"href":"https:\/\/www.mtcomax.cz\/it\/wp-json\/wp\/v2\/pages\/13237\/revisions"}],"predecessor-version":[{"id":13486,"href":"https:\/\/www.mtcomax.cz\/it\/wp-json\/wp\/v2\/pages\/13237\/revisions\/13486"}],"wp:attachment":[{"href":"https:\/\/www.mtcomax.cz\/it\/wp-json\/wp\/v2\/media?parent=13237"}],"curies":[{"name":"wp","href":"https:\/\/api.w.org\/{rel}","templated":true}]}}