{"id":13224,"date":"2023-10-24T13:37:12","date_gmt":"2023-10-24T11:37:12","guid":{"rendered":"https:\/\/www.mtcomax.cz\/products\/cutting-centres\/steel-cutting\/"},"modified":"2026-02-18T09:15:08","modified_gmt":"2026-02-18T08:15:08","slug":"steel-cutting","status":"publish","type":"page","link":"https:\/\/www.mtcomax.cz\/it\/prodotti\/cutting-centres\/steel-cutting\/","title":{"rendered":"Steel cutting"},"content":{"rendered":"<p><div class=\"columns-2 row\"><\/p>\n<p><div class=\"column\"><\/p>\n<h3><b>Cold rolled steel<\/b><\/h3>\n<div class=\"table-responsive\"><table style=\"border-collapse: collapse; width: 0%;\">\n<tbody>\n<tr>\n<td style=\"width: 50%; text-align: left;\"><\/td>\n<td style=\"width: 50%; text-align: left;\"><strong>Grade<\/strong><\/td>\n<\/tr>\n<tr>\n<td style=\"width: 50%; text-align: left;\"><b>Drawing steel\u00a0<\/b><\/td>\n<td style=\"width: 50%; text-align: left;\">DC01 \u2013 DC06<\/td>\n<\/tr>\n<tr>\n<td style=\"width: 50%; text-align: left;\"><b>Steel for enameling<\/b><\/td>\n<td style=\"width: 50%; text-align: left;\"><span style=\"font-weight: 400;\">DC01EK(ED) \u2013 DC06EK(ED)<\/span><\/td>\n<\/tr>\n<tr>\n<td style=\"width: 50%; text-align: left;\"><b>High strength microalloyed steel<\/b><\/td>\n<td style=\"width: 50%; text-align: left;\"><span style=\"font-weight: 400;\">H240LA \u2013 H400LA\u00a0<\/span><span style=\"font-weight: 400;\"><br \/>\n<\/span><span style=\"font-weight: 400;\">HC260LA \u2013 HC420LA<\/span><\/td>\n<\/tr>\n<\/tbody>\n<\/table><\/div>\n<p><\/div><\/p>\n<p><div class=\"column\"><\/p>\n<h3><b>Hot rolled steel<\/b><\/h3>\n<div class=\"table-responsive\"><table style=\"border-collapse: collapse; width: 0%;\">\n<tbody>\n<tr>\n<td style=\"width: 50%; text-align: left;\"><\/td>\n<td style=\"width: 50%; text-align: left;\"><strong>Grade<\/strong><\/td>\n<\/tr>\n<tr>\n<td style=\"width: 50%; text-align: left;\"><b>Drawing steel\u00a0<\/b><\/td>\n<td style=\"width: 50%; text-align: left;\">DD14 \u2013 DD11 (mo\u0159en\u00e9)<\/td>\n<\/tr>\n<tr>\n<td style=\"width: 50%; text-align: left;\"><b>High strength microalloyed steel<\/b><\/td>\n<td style=\"width: 50%; text-align: left;\"><span style=\"font-weight: 400;\">S315MC \u2013 S355MC<\/span><\/td>\n<\/tr>\n<tr>\n<td style=\"width: 50%; text-align: left;\"><b>Structural steel<\/b><\/td>\n<td style=\"width: 50%; text-align: left;\">S235JR, S355JR<br \/>\n(mo\u0159en\u00e9, olejovan\u00e9)<\/td>\n<\/tr>\n<\/tbody>\n<\/table><\/div>\n<p><\/div><\/p>\n<p><\/div><\/p>\n<div class=\"columns-2 row\">\n<div class=\"column\">\n<h3><b>Hot-dip galvanised steel<\/b><\/h3>\n<div class=\"table-responsive\"><table style=\"border-collapse: collapse; width: 0%;\">\n<tbody>\n<tr>\n<td style=\"width: 53.7736%; text-align: left;\"><\/td>\n<td style=\"width: 46.2264%; text-align: left;\"><strong>Grade<\/strong><\/td>\n<\/tr>\n<tr>\n<td style=\"width: 53.7736%; text-align: left;\"><b>Drawing steel\u00a0<\/b><\/td>\n<td style=\"width: 46.2264%; text-align: left;\">DX51D+Z \u2013 DX57D+Z<\/td>\n<\/tr>\n<tr>\n<td style=\"width: 53.7736%; text-align: left;\"><b>Structural steel<\/b><\/td>\n<td style=\"width: 46.2264%; text-align: left;\">\u00a0S220GD+Z \u2013 S550GD+Z<\/td>\n<\/tr>\n<tr>\n<td style=\"width: 53.7736%; text-align: left;\"><b>High strength microalloyed steel<\/b><\/td>\n<td style=\"width: 46.2264%; text-align: left;\">HX220LAD+Z \u2013 HX500LAD+Z<\/td>\n<\/tr>\n<tr>\n<td style=\"width: 53.7736%; text-align: left;\"><b>High strength\u00a0<\/b><b><br \/>\n<\/b><b>dual-phase steel<\/b><\/td>\n<td style=\"width: 46.2264%; text-align: left;\"><span style=\"font-weight: 400;\">HCT450X+Z \u2013 HCT980X+Z<\/span><\/td>\n<\/tr>\n<\/tbody>\n<\/table><\/div>\n<\/div>\n<div class=\"column\">\n<h3><b>Electrogalvanised steel<\/b><\/h3>\n<div class=\"table-responsive\"><table style=\"border-collapse: collapse; width: 0%;\">\n<tbody>\n<tr>\n<td style=\"width: 50%; text-align: left;\"><\/td>\n<td style=\"width: 50%; text-align: left;\"><strong>Grade<\/strong><\/td>\n<\/tr>\n<tr>\n<td style=\"width: 50%; text-align: left;\"><b>Drawing steel\u00a0<\/b><\/td>\n<td style=\"width: 50%; text-align: left;\"><span style=\"font-weight: 400;\">DC01+ZE a\u017e DC06+ZE\u00a0<\/span><\/td>\n<\/tr>\n<tr>\n<td style=\"width: 50%; text-align: left;\"><b>High strength microalloyed steel<\/b><\/td>\n<td style=\"width: 50%; text-align: left;\"><span style=\"font-weight: 400;\">HC260LA+ZE a\u017e HC380LA+ZE<\/span><\/td>\n<\/tr>\n<\/tbody>\n<\/table><\/div>\n<\/div>\n<\/div>\n<h2><span style=\"color: #ffffff;\">.<\/span><\/h2>\n<h2 style=\"text-align: center;\"><b>Our products<\/b><\/h2>\n<p style=\"text-align: center;\">We offer steel sheets and coils in thicknesses of <strong>0.4 &#8211; 8.0 mm<\/strong> with dimensions chosen by the customer.<\/p>\n<div class=\"columns-2 row\">\n<div class=\"column\">\n<h3 style=\"text-align: left;\"><b>Table<\/b><\/h3>\n<div class=\"table-responsive\"><table style=\"width: 90.6796%; height: 206px;\">\n<tbody>\n<tr style=\"height: 23px;\">\n<td style=\"width: 21.3483%; height: 23px; text-align: left;\"><b>Thickness\u00a0<\/b><\/td>\n<td style=\"width: 34.0289%; height: 23px; text-align: left;\">0,4 &#8211; 8,0 mm<\/td>\n<\/tr>\n<tr style=\"height: 47px;\">\n<td style=\"width: 21.3483%; height: 47px; text-align: left;\"><b>Max. width\u00a0<\/b><\/td>\n<td style=\"width: 34.0289%; height: 47px; text-align: left;\">1 830 mm<\/td>\n<\/tr>\n<tr>\n<td style=\"width: 21.3483%; text-align: left;\"><b>Min. length <\/b><\/td>\n<td style=\"width: 34.0289%; text-align: left;\">300 mm<\/td>\n<\/tr>\n<tr style=\"height: 23px;\">\n<td style=\"width: 21.3483%; height: 23px; text-align: left;\"><b>Max. length <\/b><\/td>\n<td style=\"width: 34.0289%; height: 23px; text-align: left;\">12 000 mm<\/td>\n<\/tr>\n<tr style=\"height: 23px;\">\n<td style=\"width: 21.3483%; height: 23px; text-align: left;\"><b>Trapezoidal cut\u00a0<\/b><\/td>\n<td style=\"width: 34.0289%; height: 23px; text-align: left;\">yes<\/td>\n<\/tr>\n<tr style=\"height: 23px;\">\n<td style=\"width: 21.3483%; height: 23px; text-align: left;\"><b>Max. weight <\/b><\/td>\n<td style=\"width: 34.0289%; height: 23px; text-align: left;\">9 000 kg<\/td>\n<\/tr>\n<\/tbody>\n<\/table><\/div>\n<\/div>\n<div class=\"column\">\n<a class=\"kt-img-link\" href=\"https:\/\/www.mtcomax.cz\/wp-content\/uploads\/2023\/10\/pricne-deleni-plechu-na-tabule-comax-1024x683.jpg\"><img decoding=\"async\" class=\"aligncenter wp-image-641 size-large\" src=\"data:image\/gif;base64,R0lGODlhAQABAIAAAAAAAP\/\/\/yH5BAEAAAAALAAAAAABAAEAAAIBRAA7\" data-src=\"https:\/\/www.mtcomax.cz\/wp-content\/uploads\/2023\/10\/pricne-deleni-plechu-na-tabule-comax-1024x683.jpg\" alt=\"Steel cutting - METAL TRADE COMAX, a.s.\" width=\"1024\" height=\"683\" srcset=\"data:image\/gif;base64,R0lGODlhAQABAIAAAAAAAP\/\/\/yH5BAEAAAAALAAAAAABAAEAAAIBRAA7\" data-srcset=\"https:\/\/www.mtcomax.cz\/wp-content\/uploads\/2023\/10\/pricne-deleni-plechu-na-tabule-comax-1024x683.jpg 1024w, https:\/\/www.mtcomax.cz\/wp-content\/uploads\/2023\/10\/pricne-deleni-plechu-na-tabule-comax-300x200.jpg 300w, https:\/\/www.mtcomax.cz\/wp-content\/uploads\/2023\/10\/pricne-deleni-plechu-na-tabule-comax-768x512.jpg 768w, https:\/\/www.mtcomax.cz\/wp-content\/uploads\/2023\/10\/pricne-deleni-plechu-na-tabule-comax.jpg 1200w\" sizes=\"(max-width: 1024px) 100vw, 1024px\" \/><\/a>\n<\/div>\n<\/div>\n<div class=\"columns-2 row\">\n<div class=\"column\">\n<h3 style=\"text-align: left;\"><b>Coils \/ Strips<\/b><\/h3>\n<div class=\"table-responsive\"><table style=\"width: 90.6796%; height: 206px;\">\n<tbody>\n<tr style=\"height: 23px;\">\n<td style=\"width: 21.3483%; height: 23px; text-align: left;\"><b>Thickness\u00a0<\/b><\/td>\n<td style=\"width: 34.0289%; height: 23px; text-align: left;\">0,4 &#8211; 5,0 mm<\/td>\n<\/tr>\n<tr style=\"height: 47px;\">\n<td style=\"width: 21.3483%; height: 47px; text-align: left;\"><b>Strip width <\/b><\/td>\n<td style=\"width: 34.0289%; height: 47px; text-align: left;\">min. 21 mm<\/td>\n<\/tr>\n<tr style=\"height: 23px;\">\n<td style=\"width: 21.3483%; height: 23px; text-align: left;\"><b>Coil width\u00a0<\/b><\/td>\n<td style=\"width: 34.0289%; height: 23px; text-align: left;\">2 000 mm<\/td>\n<\/tr>\n<tr style=\"height: 23px;\">\n<td style=\"width: 21.3483%; height: 23px; text-align: left;\"><b>Inside \u00d8 of final product\u00a0<\/b><\/td>\n<td style=\"width: 34.0289%; height: 23px; text-align: left;\">508, 610, 760, 850 mm<\/td>\n<\/tr>\n<tr style=\"height: 23px;\">\n<td style=\"width: 21.3483%; height: 23px; text-align: left;\"><b>Outside \u00d8 of final product<\/b><\/td>\n<td style=\"width: 34.0289%; height: 23px; text-align: left;\">max. 2 100 mm<\/td>\n<\/tr>\n<tr style=\"height: 23px;\">\n<td style=\"width: 21.3483%; height: 23px; text-align: left;\"><b>Max. weight\u00a0<\/b><\/td>\n<td style=\"width: 34.0289%; height: 23px; text-align: left;\">34 000 kg<\/td>\n<\/tr>\n<\/tbody>\n<\/table><\/div>\n<\/div>\n<div class=\"column\">\n<a class=\"kt-img-link\" href=\"https:\/\/www.mtcomax.cz\/wp-content\/uploads\/2023\/10\/deleni-svitku-na-pasky-comax-1024x683.jpg\"><img decoding=\"async\" class=\"aligncenter wp-image-639 size-large\" src=\"data:image\/gif;base64,R0lGODlhAQABAIAAAAAAAP\/\/\/yH5BAEAAAAALAAAAAABAAEAAAIBRAA7\" data-src=\"https:\/\/www.mtcomax.cz\/wp-content\/uploads\/2023\/10\/deleni-svitku-na-pasky-comax-1024x683.jpg\" alt=\"Steel cutting - METAL TRADE COMAX, a.s.\" width=\"1024\" height=\"683\" srcset=\"data:image\/gif;base64,R0lGODlhAQABAIAAAAAAAP\/\/\/yH5BAEAAAAALAAAAAABAAEAAAIBRAA7\" data-srcset=\"https:\/\/www.mtcomax.cz\/wp-content\/uploads\/2023\/10\/deleni-svitku-na-pasky-comax-1024x683.jpg 1024w, https:\/\/www.mtcomax.cz\/wp-content\/uploads\/2023\/10\/deleni-svitku-na-pasky-comax-300x200.jpg 300w, https:\/\/www.mtcomax.cz\/wp-content\/uploads\/2023\/10\/deleni-svitku-na-pasky-comax-768x512.jpg 768w, https:\/\/www.mtcomax.cz\/wp-content\/uploads\/2023\/10\/deleni-svitku-na-pasky-comax.jpg 1200w\" sizes=\"(max-width: 1024px) 100vw, 1024px\" \/><\/a>\n<\/div>\n<\/div>\n<p style=\"text-align: center;\"><a class=\"btn --secondary\" href=\"https:\/\/www.mtcomax.cz\/it\/prodotti\/cutting-centres\/contact-details\/\" target=\"blank\" rel=\"noopener\">Contact us<\/a><\/p>\n","protected":false},"excerpt":{"rendered":"<p>Cold rolled steel Grade Drawing steel\u00a0 DC01 \u2013 DC06 Steel for enameling DC01EK(ED) \u2013 DC06EK(ED) High strength microalloyed steel H240LA \u2013 H400LA\u00a0 HC260LA \u2013 HC420LA Hot rolled steel Grade Drawing steel\u00a0 DD14 \u2013 DD11 (mo\u0159en\u00e9) High strength microalloyed steel S315MC \u2013 S355MC Structural steel S235JR, S355JR (mo\u0159en\u00e9, olejovan\u00e9) Hot-dip galvanised steel Grade Drawing steel\u00a0 DX51D+Z&#8230;<\/p>\n","protected":false},"author":1,"featured_media":0,"parent":13220,"menu_order":0,"comment_status":"closed","ping_status":"closed","template":"pages\/page-blocks.php","meta":{"footnotes":""},"class_list":["post-13224","page","type-page","status-publish","hentry"],"yoast_head":"<!-- This site is optimized with the Yoast SEO plugin v25.6 - https:\/\/yoast.com\/wordpress\/plugins\/seo\/ -->\n<title>Steel cutting | METAL TRADE COMAX, a.s.<\/title>\n<meta name=\"robots\" content=\"index, follow, max-snippet:-1, max-image-preview:large, max-video-preview:-1\" \/>\n<link rel=\"canonical\" href=\"https:\/\/www.mtcomax.cz\/it\/prodotti\/cutting-centres\/steel-cutting\/\" \/>\n<meta property=\"og:locale\" content=\"it_IT\" \/>\n<meta property=\"og:type\" content=\"article\" \/>\n<meta property=\"og:title\" content=\"Steel cutting | METAL TRADE COMAX, a.s.\" \/>\n<meta property=\"og:description\" content=\"Cold rolled steel Grade Drawing steel\u00a0 DC01 \u2013 DC06 Steel for enameling DC01EK(ED) \u2013 DC06EK(ED) High strength microalloyed steel H240LA \u2013 H400LA\u00a0 HC260LA \u2013 HC420LA Hot rolled steel Grade Drawing steel\u00a0 DD14 \u2013 DD11 (mo\u0159en\u00e9) High strength microalloyed steel S315MC \u2013 S355MC Structural steel S235JR, S355JR (mo\u0159en\u00e9, olejovan\u00e9) Hot-dip galvanised steel Grade Drawing steel\u00a0 DX51D+Z...\" \/>\n<meta property=\"og:url\" content=\"https:\/\/www.mtcomax.cz\/it\/prodotti\/cutting-centres\/steel-cutting\/\" \/>\n<meta property=\"og:site_name\" content=\"METAL TRADE COMAX, a.s.\" \/>\n<meta property=\"article:publisher\" content=\"https:\/\/www.facebook.com\/metaltradecomax\/\" \/>\n<meta property=\"article:modified_time\" content=\"2026-02-18T08:15:08+00:00\" \/>\n<meta property=\"og:image\" content=\"https:\/\/www.mtcomax.cz\/wp-content\/uploads\/2023\/10\/pricne-deleni-plechu-na-tabule-comax.jpg\" \/>\n\t<meta property=\"og:image:width\" content=\"1200\" \/>\n\t<meta property=\"og:image:height\" content=\"800\" \/>\n\t<meta property=\"og:image:type\" content=\"image\/jpeg\" \/>\n<meta name=\"twitter:card\" content=\"summary_large_image\" \/>\n<meta name=\"twitter:label1\" content=\"Tempo di lettura stimato\" \/>\n\t<meta name=\"twitter:data1\" content=\"2 minuti\" \/>\n<!-- \/ Yoast SEO plugin. -->","yoast_head_json":{"title":"Steel cutting | METAL TRADE COMAX, a.s.","robots":{"index":"index","follow":"follow","max-snippet":"max-snippet:-1","max-image-preview":"max-image-preview:large","max-video-preview":"max-video-preview:-1"},"canonical":"https:\/\/www.mtcomax.cz\/it\/prodotti\/cutting-centres\/steel-cutting\/","og_locale":"it_IT","og_type":"article","og_title":"Steel cutting | METAL TRADE COMAX, a.s.","og_description":"Cold rolled steel Grade Drawing steel\u00a0 DC01 \u2013 DC06 Steel for enameling DC01EK(ED) \u2013 DC06EK(ED) High strength microalloyed steel H240LA \u2013 H400LA\u00a0 HC260LA \u2013 HC420LA Hot rolled steel Grade Drawing steel\u00a0 DD14 \u2013 DD11 (mo\u0159en\u00e9) High strength microalloyed steel S315MC \u2013 S355MC Structural steel S235JR, S355JR (mo\u0159en\u00e9, olejovan\u00e9) Hot-dip galvanised steel Grade Drawing steel\u00a0 DX51D+Z...","og_url":"https:\/\/www.mtcomax.cz\/it\/prodotti\/cutting-centres\/steel-cutting\/","og_site_name":"METAL TRADE COMAX, a.s.","article_publisher":"https:\/\/www.facebook.com\/metaltradecomax\/","article_modified_time":"2026-02-18T08:15:08+00:00","og_image":[{"width":1200,"height":800,"url":"https:\/\/www.mtcomax.cz\/wp-content\/uploads\/2023\/10\/pricne-deleni-plechu-na-tabule-comax.jpg","type":"image\/jpeg"}],"twitter_card":"summary_large_image","twitter_misc":{"Tempo di lettura stimato":"2 minuti"},"schema":{"@context":"https:\/\/schema.org","@graph":[{"@type":"WebPage","@id":"https:\/\/www.mtcomax.cz\/it\/prodotti\/cutting-centres\/steel-cutting\/","url":"https:\/\/www.mtcomax.cz\/it\/prodotti\/cutting-centres\/steel-cutting\/","name":"Steel cutting | METAL TRADE COMAX, a.s.","isPartOf":{"@id":"https:\/\/comax.brilo.work\/#website"},"primaryImageOfPage":{"@id":"https:\/\/www.mtcomax.cz\/it\/prodotti\/cutting-centres\/steel-cutting\/#primaryimage"},"image":{"@id":"https:\/\/www.mtcomax.cz\/it\/prodotti\/cutting-centres\/steel-cutting\/#primaryimage"},"thumbnailUrl":"https:\/\/www.mtcomax.cz\/wp-content\/uploads\/2023\/10\/pricne-deleni-plechu-na-tabule-comax-1024x683.jpg","datePublished":"2023-10-24T11:37:12+00:00","dateModified":"2026-02-18T08:15:08+00:00","breadcrumb":{"@id":"https:\/\/www.mtcomax.cz\/it\/prodotti\/cutting-centres\/steel-cutting\/#breadcrumb"},"inLanguage":"it-IT","potentialAction":[{"@type":"ReadAction","target":["https:\/\/www.mtcomax.cz\/it\/prodotti\/cutting-centres\/steel-cutting\/"]}]},{"@type":"ImageObject","inLanguage":"it-IT","@id":"https:\/\/www.mtcomax.cz\/it\/prodotti\/cutting-centres\/steel-cutting\/#primaryimage","url":"https:\/\/www.mtcomax.cz\/wp-content\/uploads\/2023\/10\/pricne-deleni-plechu-na-tabule-comax-1024x683.jpg","contentUrl":"https:\/\/www.mtcomax.cz\/wp-content\/uploads\/2023\/10\/pricne-deleni-plechu-na-tabule-comax-1024x683.jpg"},{"@type":"BreadcrumbList","@id":"https:\/\/www.mtcomax.cz\/it\/prodotti\/cutting-centres\/steel-cutting\/#breadcrumb","itemListElement":[{"@type":"ListItem","position":1,"name":"Dom\u016f","item":"https:\/\/www.mtcomax.cz\/it\/"},{"@type":"ListItem","position":2,"name":"Prodotti","item":"https:\/\/www.mtcomax.cz\/it\/prodotti\/"},{"@type":"ListItem","position":3,"name":"Cutting centres","item":"https:\/\/www.mtcomax.cz\/it\/prodotti\/cutting-centres\/"},{"@type":"ListItem","position":4,"name":"Steel cutting"}]},{"@type":"WebSite","@id":"https:\/\/comax.brilo.work\/#website","url":"https:\/\/comax.brilo.work\/","name":"METAL TRADE COMAX, a.s.","description":"","publisher":{"@id":"https:\/\/comax.brilo.work\/#organization"},"potentialAction":[{"@type":"SearchAction","target":{"@type":"EntryPoint","urlTemplate":"https:\/\/comax.brilo.work\/?s={search_term_string}"},"query-input":{"@type":"PropertyValueSpecification","valueRequired":true,"valueName":"search_term_string"}}],"inLanguage":"it-IT"},{"@type":"Organization","@id":"https:\/\/comax.brilo.work\/#organization","name":"METAL TRADE COMAX, a.s.","url":"https:\/\/comax.brilo.work\/","logo":{"@type":"ImageObject","inLanguage":"it-IT","@id":"https:\/\/comax.brilo.work\/#\/schema\/logo\/image\/","url":"https:\/\/www.mtcomax.cz\/wp-content\/uploads\/2025\/09\/mtc-favikon-2.jpg","contentUrl":"https:\/\/www.mtcomax.cz\/wp-content\/uploads\/2025\/09\/mtc-favikon-2.jpg","width":500,"height":500,"caption":"METAL TRADE COMAX, a.s."},"image":{"@id":"https:\/\/comax.brilo.work\/#\/schema\/logo\/image\/"},"sameAs":["https:\/\/www.facebook.com\/metaltradecomax\/","https:\/\/www.instagram.com\/metal_trade_comax\/","https:\/\/www.linkedin.com\/company\/metal-trade-comax-a-s\/","https:\/\/www.youtube.com\/@metaltradecomaxa.s.8970"]}]}},"_links":{"self":[{"href":"https:\/\/www.mtcomax.cz\/it\/wp-json\/wp\/v2\/pages\/13224","targetHints":{"allow":["GET"]}}],"collection":[{"href":"https:\/\/www.mtcomax.cz\/it\/wp-json\/wp\/v2\/pages"}],"about":[{"href":"https:\/\/www.mtcomax.cz\/it\/wp-json\/wp\/v2\/types\/page"}],"author":[{"embeddable":true,"href":"https:\/\/www.mtcomax.cz\/it\/wp-json\/wp\/v2\/users\/1"}],"replies":[{"embeddable":true,"href":"https:\/\/www.mtcomax.cz\/it\/wp-json\/wp\/v2\/comments?post=13224"}],"version-history":[{"count":5,"href":"https:\/\/www.mtcomax.cz\/it\/wp-json\/wp\/v2\/pages\/13224\/revisions"}],"predecessor-version":[{"id":16995,"href":"https:\/\/www.mtcomax.cz\/it\/wp-json\/wp\/v2\/pages\/13224\/revisions\/16995"}],"up":[{"embeddable":true,"href":"https:\/\/www.mtcomax.cz\/it\/wp-json\/wp\/v2\/pages\/13220"}],"wp:attachment":[{"href":"https:\/\/www.mtcomax.cz\/it\/wp-json\/wp\/v2\/media?parent=13224"}],"curies":[{"name":"wp","href":"https:\/\/api.w.org\/{rel}","templated":true}]}}