{"id":2818,"date":"2023-10-20T12:10:45","date_gmt":"2023-10-20T10:10:45","guid":{"rendered":"https:\/\/www.mtcomax.cz\/produkte\/lackieranlage\/stucco\/"},"modified":"2024-01-12T15:45:38","modified_gmt":"2024-01-12T14:45:38","slug":"stucco","status":"publish","type":"page","link":"https:\/\/www.mtcomax.cz\/de\/produkte\/lackieranlage\/stucco\/","title":{"rendered":"Stucco (Pr\u00e4gen)"},"content":{"rendered":"<div class=\"columns-2 row\"><div class=\"column\">\n<h2>3D-Oberfl\u00e4che f\u00fcr visuellen und funktionalen Effekt<\/h2>\n<ul>\n<li>Die Pr\u00e4gelinie besteht aus einem Zweiwalzenst\u00e4nder, der ein kleines Muster auf der Oberfl\u00e4che der Walzen hat; beim Durchlauf des Bandes wird das Muster nicht nur in die Oberfl\u00e4chenbehandlung selbst, sondern auch in das Eingangsmaterial gepr\u00e4gt.<\/li>\n<li>Das Pr\u00e4gen erfolgt auf nat\u00fcrlichen und lackierten B\u00e4ndern aus Aluminium und verzinkten Legierungen.<\/li>\n<\/ul>\n<\/div><div class=\"column\">\n<div id='gallery-1' class='gallery galleryid-2818 gallery-columns-2 gallery-size-thumbnail'><dl class='gallery-item'>\n\t\t\t<dt class='gallery-icon landscape'>\n\t\t\t\t<img decoding=\"async\" width=\"150\" height=\"150\" src=\"data:image\/gif;base64,R0lGODlhAQABAIAAAAAAAP\/\/\/yH5BAEAAAAALAAAAAABAAEAAAIBRAA7\" data-src=\"https:\/\/www.mtcomax.cz\/wp-content\/uploads\/2023\/10\/stucco-emboss-prirodni-detail-comax-150x150.jpg\" class=\"attachment-thumbnail size-thumbnail\" alt=\"\" aria-describedby=\"gallery-1-1713\" srcset=\"data:image\/gif;base64,R0lGODlhAQABAIAAAAAAAP\/\/\/yH5BAEAAAAALAAAAAABAAEAAAIBRAA7\" data-srcset=\"https:\/\/www.mtcomax.cz\/wp-content\/uploads\/2023\/10\/stucco-emboss-prirodni-detail-comax-150x150.jpg 150w, https:\/\/www.mtcomax.cz\/wp-content\/uploads\/2023\/10\/stucco-emboss-prirodni-detail-comax-300x300.jpg 300w, https:\/\/www.mtcomax.cz\/wp-content\/uploads\/2023\/10\/stucco-emboss-prirodni-detail-comax-768x768.jpg 768w, https:\/\/www.mtcomax.cz\/wp-content\/uploads\/2023\/10\/stucco-emboss-prirodni-detail-comax.jpg 800w\" sizes=\"(max-width: 150px) 100vw, 150px\" loading=\"eager\" \/>\n\t\t\t<\/dt>\n\t\t\t\t<dd class='wp-caption-text gallery-caption' id='gallery-1-1713'>\n\t\t\t\tMill Finished\n\t\t\t\t<\/dd><\/dl><dl class='gallery-item'>\n\t\t\t<dt class='gallery-icon landscape'>\n\t\t\t\t<img decoding=\"async\" width=\"150\" height=\"150\" src=\"data:image\/gif;base64,R0lGODlhAQABAIAAAAAAAP\/\/\/yH5BAEAAAAALAAAAAABAAEAAAIBRAA7\" data-src=\"https:\/\/www.mtcomax.cz\/wp-content\/uploads\/2023\/10\/stucco-emboss-lakovany-detail-comax-150x150.jpg\" class=\"attachment-thumbnail size-thumbnail\" alt=\"\" aria-describedby=\"gallery-1-1712\" srcset=\"data:image\/gif;base64,R0lGODlhAQABAIAAAAAAAP\/\/\/yH5BAEAAAAALAAAAAABAAEAAAIBRAA7\" data-srcset=\"https:\/\/www.mtcomax.cz\/wp-content\/uploads\/2023\/10\/stucco-emboss-lakovany-detail-comax-150x150.jpg 150w, https:\/\/www.mtcomax.cz\/wp-content\/uploads\/2023\/10\/stucco-emboss-lakovany-detail-comax-300x300.jpg 300w, https:\/\/www.mtcomax.cz\/wp-content\/uploads\/2023\/10\/stucco-emboss-lakovany-detail-comax-768x768.jpg 768w, https:\/\/www.mtcomax.cz\/wp-content\/uploads\/2023\/10\/stucco-emboss-lakovany-detail-comax.jpg 800w\" sizes=\"(max-width: 150px) 100vw, 150px\" loading=\"eager\" \/>\n\t\t\t<\/dt>\n\t\t\t\t<dd class='wp-caption-text gallery-caption' id='gallery-1-1712'>\n\t\t\t\tPrepainted\n\t\t\t\t<\/dd><\/dl><br style=\"clear: both\" \/>\n\t\t<\/div>\n\n<\/div><\/div>\n<h2>F\u00fcr Innen und Au\u00dfen<\/h2>\n<ul>\n<li>Der Vorteil der Oberfl\u00e4chenveredelung durch Pr\u00e4gen ist ein attraktives Aussehen des Bandes und eine Verst\u00e4rkung des Materials. Gleichzeitig verringert die gepr\u00e4gte Oberfl\u00e4che die Sichtbarkeit kleiner M\u00e4ngel auf der Bandoberfl\u00e4che, die bei der Anwendung des Produkts auftreten k\u00f6nnen.<\/li>\n<li>Typische Beispiele f\u00fcr die Anwendung von gepr\u00e4gtem Blech sind die Innenseiten von K\u00fchlger\u00e4ten, Gefrierboxen, Fassadensysteme, Deckenansichten, Klempnerelemente usw.<\/li>\n<\/ul>\n","protected":false},"excerpt":{"rendered":"<p>3D-Oberfl\u00e4che f\u00fcr visuellen und funktionalen Effekt Die Pr\u00e4gelinie besteht aus einem Zweiwalzenst\u00e4nder, der ein kleines Muster auf der Oberfl\u00e4che der Walzen hat; beim Durchlauf des Bandes wird das Muster nicht nur in die Oberfl\u00e4chenbehandlung selbst, sondern auch in das Eingangsmaterial gepr\u00e4gt. Das Pr\u00e4gen erfolgt auf nat\u00fcrlichen und lackierten B\u00e4ndern aus Aluminium und verzinkten Legierungen. F\u00fcr&#8230;<\/p>\n","protected":false},"author":1,"featured_media":0,"parent":2529,"menu_order":0,"comment_status":"closed","ping_status":"closed","template":"pages\/page-blocks.php","meta":{"footnotes":""},"class_list":["post-2818","page","type-page","status-publish","hentry"],"yoast_head":"<!-- This site is optimized with the Yoast SEO plugin v25.6 - https:\/\/yoast.com\/wordpress\/plugins\/seo\/ -->\n<title>Stucco (Pr\u00e4gen) | METAL TRADE COMAX, a.s.<\/title>\n<meta name=\"robots\" content=\"index, follow, max-snippet:-1, max-image-preview:large, max-video-preview:-1\" \/>\n<link rel=\"canonical\" href=\"https:\/\/www.mtcomax.cz\/de\/produkte\/lackieranlage\/stucco\/\" \/>\n<meta property=\"og:locale\" content=\"de_DE\" \/>\n<meta property=\"og:type\" content=\"article\" \/>\n<meta property=\"og:title\" content=\"Stucco (Pr\u00e4gen) | METAL TRADE COMAX, a.s.\" \/>\n<meta property=\"og:description\" content=\"3D-Oberfl\u00e4che f\u00fcr visuellen und funktionalen Effekt Die Pr\u00e4gelinie besteht aus einem Zweiwalzenst\u00e4nder, der ein kleines Muster auf der Oberfl\u00e4che der Walzen hat; beim Durchlauf des Bandes wird das Muster nicht nur in die Oberfl\u00e4chenbehandlung selbst, sondern auch in das Eingangsmaterial gepr\u00e4gt. Das Pr\u00e4gen erfolgt auf nat\u00fcrlichen und lackierten B\u00e4ndern aus Aluminium und verzinkten Legierungen. F\u00fcr...\" \/>\n<meta property=\"og:url\" content=\"https:\/\/www.mtcomax.cz\/de\/produkte\/lackieranlage\/stucco\/\" \/>\n<meta property=\"og:site_name\" content=\"METAL TRADE COMAX, a.s.\" \/>\n<meta property=\"article:publisher\" content=\"https:\/\/www.facebook.com\/metaltradecomax\/\" \/>\n<meta property=\"article:modified_time\" content=\"2024-01-12T14:45:38+00:00\" \/>\n<meta property=\"og:image\" content=\"https:\/\/comax.brilo.work\/wp-content\/uploads\/2023\/10\/stucco-emboss-prirodni-detail-comax-150x150.jpg\" \/>\n<meta name=\"twitter:card\" content=\"summary_large_image\" \/>\n<meta name=\"twitter:label1\" content=\"Gesch\u00e4tzte Lesezeit\" \/>\n\t<meta name=\"twitter:data1\" content=\"1\u00a0Minute\" \/>\n<!-- \/ Yoast SEO plugin. -->","yoast_head_json":{"title":"Stucco (Pr\u00e4gen) | METAL TRADE COMAX, a.s.","robots":{"index":"index","follow":"follow","max-snippet":"max-snippet:-1","max-image-preview":"max-image-preview:large","max-video-preview":"max-video-preview:-1"},"canonical":"https:\/\/www.mtcomax.cz\/de\/produkte\/lackieranlage\/stucco\/","og_locale":"de_DE","og_type":"article","og_title":"Stucco (Pr\u00e4gen) | METAL TRADE COMAX, a.s.","og_description":"3D-Oberfl\u00e4che f\u00fcr visuellen und funktionalen Effekt Die Pr\u00e4gelinie besteht aus einem Zweiwalzenst\u00e4nder, der ein kleines Muster auf der Oberfl\u00e4che der Walzen hat; beim Durchlauf des Bandes wird das Muster nicht nur in die Oberfl\u00e4chenbehandlung selbst, sondern auch in das Eingangsmaterial gepr\u00e4gt. Das Pr\u00e4gen erfolgt auf nat\u00fcrlichen und lackierten B\u00e4ndern aus Aluminium und verzinkten Legierungen. F\u00fcr...","og_url":"https:\/\/www.mtcomax.cz\/de\/produkte\/lackieranlage\/stucco\/","og_site_name":"METAL TRADE COMAX, a.s.","article_publisher":"https:\/\/www.facebook.com\/metaltradecomax\/","article_modified_time":"2024-01-12T14:45:38+00:00","og_image":[{"url":"https:\/\/comax.brilo.work\/wp-content\/uploads\/2023\/10\/stucco-emboss-prirodni-detail-comax-150x150.jpg","type":"","width":"","height":""}],"twitter_card":"summary_large_image","twitter_misc":{"Gesch\u00e4tzte Lesezeit":"1\u00a0Minute"},"schema":{"@context":"https:\/\/schema.org","@graph":[{"@type":"WebPage","@id":"https:\/\/www.mtcomax.cz\/de\/produkte\/lackieranlage\/stucco\/","url":"https:\/\/www.mtcomax.cz\/de\/produkte\/lackieranlage\/stucco\/","name":"Stucco (Pr\u00e4gen) | METAL TRADE COMAX, a.s.","isPartOf":{"@id":"https:\/\/comax.brilo.work\/#website"},"datePublished":"2023-10-20T10:10:45+00:00","dateModified":"2024-01-12T14:45:38+00:00","breadcrumb":{"@id":"https:\/\/www.mtcomax.cz\/de\/produkte\/lackieranlage\/stucco\/#breadcrumb"},"inLanguage":"de","potentialAction":[{"@type":"ReadAction","target":["https:\/\/www.mtcomax.cz\/de\/produkte\/lackieranlage\/stucco\/"]}]},{"@type":"BreadcrumbList","@id":"https:\/\/www.mtcomax.cz\/de\/produkte\/lackieranlage\/stucco\/#breadcrumb","itemListElement":[{"@type":"ListItem","position":1,"name":"Dom\u016f","item":"https:\/\/www.mtcomax.cz\/de\/"},{"@type":"ListItem","position":2,"name":"Produkte","item":"https:\/\/www.mtcomax.cz\/de\/produkte\/"},{"@type":"ListItem","position":3,"name":"Lackieranlage","item":"https:\/\/www.mtcomax.cz\/de\/produkte\/lackieranlage\/"},{"@type":"ListItem","position":4,"name":"Stucco (Pr\u00e4gen)"}]},{"@type":"WebSite","@id":"https:\/\/comax.brilo.work\/#website","url":"https:\/\/comax.brilo.work\/","name":"METAL TRADE COMAX, a.s.","description":"","publisher":{"@id":"https:\/\/comax.brilo.work\/#organization"},"potentialAction":[{"@type":"SearchAction","target":{"@type":"EntryPoint","urlTemplate":"https:\/\/comax.brilo.work\/?s={search_term_string}"},"query-input":{"@type":"PropertyValueSpecification","valueRequired":true,"valueName":"search_term_string"}}],"inLanguage":"de"},{"@type":"Organization","@id":"https:\/\/comax.brilo.work\/#organization","name":"METAL TRADE COMAX, a.s.","url":"https:\/\/comax.brilo.work\/","logo":{"@type":"ImageObject","inLanguage":"de","@id":"https:\/\/comax.brilo.work\/#\/schema\/logo\/image\/","url":"https:\/\/www.mtcomax.cz\/wp-content\/uploads\/2025\/09\/mtc-favikon-2.jpg","contentUrl":"https:\/\/www.mtcomax.cz\/wp-content\/uploads\/2025\/09\/mtc-favikon-2.jpg","width":500,"height":500,"caption":"METAL TRADE COMAX, a.s."},"image":{"@id":"https:\/\/comax.brilo.work\/#\/schema\/logo\/image\/"},"sameAs":["https:\/\/www.facebook.com\/metaltradecomax\/","https:\/\/www.instagram.com\/metal_trade_comax\/","https:\/\/www.linkedin.com\/company\/metal-trade-comax-a-s\/","https:\/\/www.youtube.com\/@metaltradecomaxa.s.8970"]}]}},"_links":{"self":[{"href":"https:\/\/www.mtcomax.cz\/de\/wp-json\/wp\/v2\/pages\/2818","targetHints":{"allow":["GET"]}}],"collection":[{"href":"https:\/\/www.mtcomax.cz\/de\/wp-json\/wp\/v2\/pages"}],"about":[{"href":"https:\/\/www.mtcomax.cz\/de\/wp-json\/wp\/v2\/types\/page"}],"author":[{"embeddable":true,"href":"https:\/\/www.mtcomax.cz\/de\/wp-json\/wp\/v2\/users\/1"}],"replies":[{"embeddable":true,"href":"https:\/\/www.mtcomax.cz\/de\/wp-json\/wp\/v2\/comments?post=2818"}],"version-history":[{"count":6,"href":"https:\/\/www.mtcomax.cz\/de\/wp-json\/wp\/v2\/pages\/2818\/revisions"}],"predecessor-version":[{"id":2993,"href":"https:\/\/www.mtcomax.cz\/de\/wp-json\/wp\/v2\/pages\/2818\/revisions\/2993"}],"up":[{"embeddable":true,"href":"https:\/\/www.mtcomax.cz\/de\/wp-json\/wp\/v2\/pages\/2529"}],"wp:attachment":[{"href":"https:\/\/www.mtcomax.cz\/de\/wp-json\/wp\/v2\/media?parent=2818"}],"curies":[{"name":"wp","href":"https:\/\/api.w.org\/{rel}","templated":true}]}}