{"id":2790,"date":"2023-10-25T16:29:23","date_gmt":"2023-10-25T14:29:23","guid":{"rendered":"https:\/\/www.mtcomax.cz\/produkte\/profilierzentren\/solarni-profily\/"},"modified":"2025-12-03T19:41:45","modified_gmt":"2025-12-03T18:41:45","slug":"solarprofile","status":"publish","type":"page","link":"https:\/\/www.mtcomax.cz\/de\/produkte\/profilierzentren\/solarprofile\/","title":{"rendered":"Solarprofile"},"content":{"rendered":"<p>&nbsp;<\/p>\n<div class=\"table-responsive\"><table style=\"border-collapse: collapse; width: 100%; height: 24px;\">\n<tbody>\n<tr style=\"height: 24px;\">\n<td style=\"width: 50%; height: 24px;\"><a href=\"https:\/\/www.mtcomax.cz\/wp-content\/uploads\/2024\/07\/Bragen-PV-system-web2.jpg\"><img decoding=\"async\" class=\"alignnone wp-image-6101 size-full\" role=\"img\" src=\"data:image\/gif;base64,R0lGODlhAQABAIAAAAAAAP\/\/\/yH5BAEAAAAALAAAAAABAAEAAAIBRAA7\" data-src=\"https:\/\/www.mtcomax.cz\/wp-content\/uploads\/2024\/07\/Bragen-PV-system-web2.jpg\" alt=\"Solarprofile - METAL TRADE COMAX, a.s.\" width=\"800\" height=\"138\" srcset=\"data:image\/gif;base64,R0lGODlhAQABAIAAAAAAAP\/\/\/yH5BAEAAAAALAAAAAABAAEAAAIBRAA7\" data-srcset=\"https:\/\/www.mtcomax.cz\/wp-content\/uploads\/2024\/07\/Bragen-PV-system-web2.jpg 800w, https:\/\/www.mtcomax.cz\/wp-content\/uploads\/2024\/07\/Bragen-PV-system-web2-300x52.jpg 300w, https:\/\/www.mtcomax.cz\/wp-content\/uploads\/2024\/07\/Bragen-PV-system-web2-768x132.jpg 768w\" sizes=\"(max-width: 800px) 100vw, 800px\" \/><\/a><\/td>\n<td style=\"width: 50%; height: 24px;\"><a class=\"kt-img-link\" href=\"https:\/\/www.mtcomax.cz\/wp-content\/uploads\/2024\/07\/Bragen-AGV-system-web2.jpg\"><img decoding=\"async\" class=\"alignnone wp-image-6098 size-full\" src=\"data:image\/gif;base64,R0lGODlhAQABAIAAAAAAAP\/\/\/yH5BAEAAAAALAAAAAABAAEAAAIBRAA7\" data-src=\"https:\/\/www.mtcomax.cz\/wp-content\/uploads\/2024\/07\/Bragen-AGV-system-web2.jpg\" alt=\"Solarprofile - METAL TRADE COMAX, a.s.\" width=\"800\" height=\"140\" srcset=\"data:image\/gif;base64,R0lGODlhAQABAIAAAAAAAP\/\/\/yH5BAEAAAAALAAAAAABAAEAAAIBRAA7\" data-srcset=\"https:\/\/www.mtcomax.cz\/wp-content\/uploads\/2024\/07\/Bragen-AGV-system-web2.jpg 800w, https:\/\/www.mtcomax.cz\/wp-content\/uploads\/2024\/07\/Bragen-AGV-system-web2-300x53.jpg 300w, https:\/\/www.mtcomax.cz\/wp-content\/uploads\/2024\/07\/Bragen-AGV-system-web2-768x134.jpg 768w\" sizes=\"(max-width: 800px) 100vw, 800px\" \/><\/a><\/td>\n<\/tr>\n<\/tbody>\n<\/table><\/div>\n<p>&nbsp;<\/p>\n<p>&nbsp;<\/p>\n<h4 style=\"text-align: center;\">System f\u00fcr photovoltaische oder agrovoltaische Kraftwerke<\/h4>\n<p>&nbsp;<\/p>\n<p>In Zusammenarbeit mit der Firma <strong>bragen<\/strong> haben wir eine Komplettl\u00f6sung f\u00fcr die Realisierung von Freifl\u00e4chen-Photovoltaik- und Agrovoltaik-Kraftwerken entwickelt. Das variable System, dessen Bausteine Stahlprofile mit einer speziellen Korrosionsschutzbeschichtung Magnelis sind, die in unserer Produktionsst\u00e4tte in M\u00e4hren hergestellt werden, wird unter dem Markennamen <strong>bragen PV system powered by MTComax<\/strong> und <strong>bragen AV system powered by MTComax <\/strong>mit einer Garantie f\u00fcr hohe Qualit\u00e4t, kurze Lieferzeiten und eine einfache und schnelle Installation produziert.<\/p>\n<p>&nbsp;<\/p>\n<h4><strong><a class=\"kt-img-link\" href=\"https:\/\/www.mtcomax.cz\/wp-content\/uploads\/2025\/12\/katemo1-scaled-e1764763095300.jpg\"><img decoding=\"async\" class=\"alignright wp-image-15719\" src=\"data:image\/gif;base64,R0lGODlhAQABAIAAAAAAAP\/\/\/yH5BAEAAAAALAAAAAABAAEAAAIBRAA7\" data-src=\"https:\/\/www.mtcomax.cz\/wp-content\/uploads\/2025\/12\/katemo1-300x226.jpg\" alt=\"Solarprofile - METAL TRADE COMAX, a.s.\" width=\"550\" height=\"414\" srcset=\"data:image\/gif;base64,R0lGODlhAQABAIAAAAAAAP\/\/\/yH5BAEAAAAALAAAAAABAAEAAAIBRAA7\" data-srcset=\"https:\/\/www.mtcomax.cz\/wp-content\/uploads\/2025\/12\/katemo1-300x226.jpg 300w, https:\/\/www.mtcomax.cz\/wp-content\/uploads\/2025\/12\/katemo1-1024x771.jpg 1024w, https:\/\/www.mtcomax.cz\/wp-content\/uploads\/2025\/12\/katemo1-768x579.jpg 768w, https:\/\/www.mtcomax.cz\/wp-content\/uploads\/2025\/12\/katemo1-1536x1157.jpg 1536w, https:\/\/www.mtcomax.cz\/wp-content\/uploads\/2025\/12\/katemo1-2048x1543.jpg 2048w\" sizes=\"(max-width: 550px) 100vw, 550px\" \/><\/a>KATEMO ENERGY PARK \u2013 der gr\u00f6\u00dfte in der Tschechischen Republik <\/strong><\/h4>\n<p>Im Jahr 2025 wurde das gr\u00f6\u00dfte terrestrische Solarkraftwerk in der Tschechischen Republik fertiggestellt, f\u00fcr das die Firma COMAX 90.000 Stahlprofile geliefert hat.<\/p>\n<p>Das Kraftwerk erstreckt sich \u00fcber eine Fl\u00e4che von 330.000 m\u00b2 (46 Fu\u00dfballpl\u00e4tze) und die Stahltr\u00e4ger, auf denen die Solarmodule installiert sind, wurden in unserem Werk in Litovel auf einer modernen Schwei\u00dfprofilierungsanlage hergestellt, die wir 2023 in Betrieb genommen haben.<\/p>\n<p>Teil des Kraftwerks ist ein robustes Batteriespeichersystem mit einem Gewicht von 36 Tonnen (45.760 Zellen) in 11 Batteriecontainern.<\/p>\n<p>Beeindruckend ist auch die Leistung des Kraftwerks \u2013 45 MWh mit einer geplanten Batteriespeicherkapazit\u00e4t von bis zu 130 MWh. Das Kraftwerk kann 13.855 Haushalte versorgen und ist ein Beispiel f\u00fcr eine hochmoderne L\u00f6sung zur Erzeugung, Speicherung und Verwaltung von elektrischer Energie, einschlie\u00dflich der Ladeinfrastruktur.<\/p>\n<p>&nbsp;<\/p>\n<hr \/>\n<p>&nbsp;<\/p>\n","protected":false},"excerpt":{"rendered":"<p>&nbsp; &nbsp; &nbsp; System f\u00fcr photovoltaische oder agrovoltaische Kraftwerke &nbsp; In Zusammenarbeit mit der Firma bragen haben wir eine Komplettl\u00f6sung f\u00fcr die Realisierung von Freifl\u00e4chen-Photovoltaik- und Agrovoltaik-Kraftwerken entwickelt. Das variable System, dessen Bausteine Stahlprofile mit einer speziellen Korrosionsschutzbeschichtung Magnelis sind, die in unserer Produktionsst\u00e4tte in M\u00e4hren hergestellt werden, wird unter dem Markennamen bragen PV system&#8230;<\/p>\n","protected":false},"author":1,"featured_media":0,"parent":2676,"menu_order":0,"comment_status":"closed","ping_status":"closed","template":"pages\/page-blocks.php","meta":{"footnotes":""},"class_list":["post-2790","page","type-page","status-publish","hentry"],"yoast_head":"<!-- This site is optimized with the Yoast SEO plugin v25.6 - https:\/\/yoast.com\/wordpress\/plugins\/seo\/ -->\n<title>Solarprofile | METAL TRADE COMAX, a.s.<\/title>\n<meta name=\"robots\" content=\"index, follow, max-snippet:-1, max-image-preview:large, max-video-preview:-1\" \/>\n<link rel=\"canonical\" href=\"https:\/\/www.mtcomax.cz\/de\/produkte\/profilierzentren\/solarprofile\/\" \/>\n<meta property=\"og:locale\" content=\"de_DE\" \/>\n<meta property=\"og:type\" content=\"article\" \/>\n<meta property=\"og:title\" content=\"Solarprofile | METAL TRADE COMAX, a.s.\" \/>\n<meta property=\"og:description\" content=\"&nbsp; &nbsp; &nbsp; System f\u00fcr photovoltaische oder agrovoltaische Kraftwerke &nbsp; In Zusammenarbeit mit der Firma bragen haben wir eine Komplettl\u00f6sung f\u00fcr die Realisierung von Freifl\u00e4chen-Photovoltaik- und Agrovoltaik-Kraftwerken entwickelt. Das variable System, dessen Bausteine Stahlprofile mit einer speziellen Korrosionsschutzbeschichtung Magnelis sind, die in unserer Produktionsst\u00e4tte in M\u00e4hren hergestellt werden, wird unter dem Markennamen bragen PV system...\" \/>\n<meta property=\"og:url\" content=\"https:\/\/www.mtcomax.cz\/de\/produkte\/profilierzentren\/solarprofile\/\" \/>\n<meta property=\"og:site_name\" content=\"METAL TRADE COMAX, a.s.\" \/>\n<meta property=\"article:publisher\" content=\"https:\/\/www.facebook.com\/metaltradecomax\/\" \/>\n<meta property=\"article:modified_time\" content=\"2025-12-03T18:41:45+00:00\" \/>\n<meta property=\"og:image\" content=\"https:\/\/www.mtcomax.cz\/wp-content\/uploads\/2024\/07\/Bragen-PV-system-web2.jpg\" \/>\n\t<meta property=\"og:image:width\" content=\"800\" \/>\n\t<meta property=\"og:image:height\" content=\"138\" \/>\n\t<meta property=\"og:image:type\" content=\"image\/jpeg\" \/>\n<meta name=\"twitter:card\" content=\"summary_large_image\" \/>\n<meta name=\"twitter:label1\" content=\"Gesch\u00e4tzte Lesezeit\" \/>\n\t<meta name=\"twitter:data1\" content=\"2\u00a0Minuten\" \/>\n<!-- \/ Yoast SEO plugin. -->","yoast_head_json":{"title":"Solarprofile | METAL TRADE COMAX, a.s.","robots":{"index":"index","follow":"follow","max-snippet":"max-snippet:-1","max-image-preview":"max-image-preview:large","max-video-preview":"max-video-preview:-1"},"canonical":"https:\/\/www.mtcomax.cz\/de\/produkte\/profilierzentren\/solarprofile\/","og_locale":"de_DE","og_type":"article","og_title":"Solarprofile | METAL TRADE COMAX, a.s.","og_description":"&nbsp; &nbsp; &nbsp; System f\u00fcr photovoltaische oder agrovoltaische Kraftwerke &nbsp; In Zusammenarbeit mit der Firma bragen haben wir eine Komplettl\u00f6sung f\u00fcr die Realisierung von Freifl\u00e4chen-Photovoltaik- und Agrovoltaik-Kraftwerken entwickelt. Das variable System, dessen Bausteine Stahlprofile mit einer speziellen Korrosionsschutzbeschichtung Magnelis sind, die in unserer Produktionsst\u00e4tte in M\u00e4hren hergestellt werden, wird unter dem Markennamen bragen PV system...","og_url":"https:\/\/www.mtcomax.cz\/de\/produkte\/profilierzentren\/solarprofile\/","og_site_name":"METAL TRADE COMAX, a.s.","article_publisher":"https:\/\/www.facebook.com\/metaltradecomax\/","article_modified_time":"2025-12-03T18:41:45+00:00","og_image":[{"width":800,"height":138,"url":"https:\/\/www.mtcomax.cz\/wp-content\/uploads\/2024\/07\/Bragen-PV-system-web2.jpg","type":"image\/jpeg"}],"twitter_card":"summary_large_image","twitter_misc":{"Gesch\u00e4tzte Lesezeit":"2\u00a0Minuten"},"schema":{"@context":"https:\/\/schema.org","@graph":[{"@type":"WebPage","@id":"https:\/\/www.mtcomax.cz\/de\/produkte\/profilierzentren\/solarprofile\/","url":"https:\/\/www.mtcomax.cz\/de\/produkte\/profilierzentren\/solarprofile\/","name":"Solarprofile | METAL TRADE COMAX, a.s.","isPartOf":{"@id":"https:\/\/comax.brilo.work\/#website"},"primaryImageOfPage":{"@id":"https:\/\/www.mtcomax.cz\/de\/produkte\/profilierzentren\/solarprofile\/#primaryimage"},"image":{"@id":"https:\/\/www.mtcomax.cz\/de\/produkte\/profilierzentren\/solarprofile\/#primaryimage"},"thumbnailUrl":"https:\/\/www.mtcomax.cz\/wp-content\/uploads\/2024\/07\/Bragen-PV-system-web2.jpg","datePublished":"2023-10-25T14:29:23+00:00","dateModified":"2025-12-03T18:41:45+00:00","breadcrumb":{"@id":"https:\/\/www.mtcomax.cz\/de\/produkte\/profilierzentren\/solarprofile\/#breadcrumb"},"inLanguage":"de","potentialAction":[{"@type":"ReadAction","target":["https:\/\/www.mtcomax.cz\/de\/produkte\/profilierzentren\/solarprofile\/"]}]},{"@type":"ImageObject","inLanguage":"de","@id":"https:\/\/www.mtcomax.cz\/de\/produkte\/profilierzentren\/solarprofile\/#primaryimage","url":"https:\/\/www.mtcomax.cz\/wp-content\/uploads\/2024\/07\/Bragen-PV-system-web2.jpg","contentUrl":"https:\/\/www.mtcomax.cz\/wp-content\/uploads\/2024\/07\/Bragen-PV-system-web2.jpg"},{"@type":"BreadcrumbList","@id":"https:\/\/www.mtcomax.cz\/de\/produkte\/profilierzentren\/solarprofile\/#breadcrumb","itemListElement":[{"@type":"ListItem","position":1,"name":"Dom\u016f","item":"https:\/\/www.mtcomax.cz\/de\/"},{"@type":"ListItem","position":2,"name":"Produkte","item":"https:\/\/www.mtcomax.cz\/de\/produkte\/"},{"@type":"ListItem","position":3,"name":"Profilierzentren","item":"https:\/\/www.mtcomax.cz\/de\/produkte\/profilierzentren\/"},{"@type":"ListItem","position":4,"name":"Solarprofile"}]},{"@type":"WebSite","@id":"https:\/\/comax.brilo.work\/#website","url":"https:\/\/comax.brilo.work\/","name":"METAL TRADE COMAX, a.s.","description":"","publisher":{"@id":"https:\/\/comax.brilo.work\/#organization"},"potentialAction":[{"@type":"SearchAction","target":{"@type":"EntryPoint","urlTemplate":"https:\/\/comax.brilo.work\/?s={search_term_string}"},"query-input":{"@type":"PropertyValueSpecification","valueRequired":true,"valueName":"search_term_string"}}],"inLanguage":"de"},{"@type":"Organization","@id":"https:\/\/comax.brilo.work\/#organization","name":"METAL TRADE COMAX, a.s.","url":"https:\/\/comax.brilo.work\/","logo":{"@type":"ImageObject","inLanguage":"de","@id":"https:\/\/comax.brilo.work\/#\/schema\/logo\/image\/","url":"https:\/\/www.mtcomax.cz\/wp-content\/uploads\/2025\/09\/mtc-favikon-2.jpg","contentUrl":"https:\/\/www.mtcomax.cz\/wp-content\/uploads\/2025\/09\/mtc-favikon-2.jpg","width":500,"height":500,"caption":"METAL TRADE COMAX, a.s."},"image":{"@id":"https:\/\/comax.brilo.work\/#\/schema\/logo\/image\/"},"sameAs":["https:\/\/www.facebook.com\/metaltradecomax\/","https:\/\/www.instagram.com\/metal_trade_comax\/","https:\/\/www.linkedin.com\/company\/metal-trade-comax-a-s\/","https:\/\/www.youtube.com\/@metaltradecomaxa.s.8970"]}]}},"_links":{"self":[{"href":"https:\/\/www.mtcomax.cz\/de\/wp-json\/wp\/v2\/pages\/2790","targetHints":{"allow":["GET"]}}],"collection":[{"href":"https:\/\/www.mtcomax.cz\/de\/wp-json\/wp\/v2\/pages"}],"about":[{"href":"https:\/\/www.mtcomax.cz\/de\/wp-json\/wp\/v2\/types\/page"}],"author":[{"embeddable":true,"href":"https:\/\/www.mtcomax.cz\/de\/wp-json\/wp\/v2\/users\/1"}],"replies":[{"embeddable":true,"href":"https:\/\/www.mtcomax.cz\/de\/wp-json\/wp\/v2\/comments?post=2790"}],"version-history":[{"count":38,"href":"https:\/\/www.mtcomax.cz\/de\/wp-json\/wp\/v2\/pages\/2790\/revisions"}],"predecessor-version":[{"id":15779,"href":"https:\/\/www.mtcomax.cz\/de\/wp-json\/wp\/v2\/pages\/2790\/revisions\/15779"}],"up":[{"embeddable":true,"href":"https:\/\/www.mtcomax.cz\/de\/wp-json\/wp\/v2\/pages\/2676"}],"wp:attachment":[{"href":"https:\/\/www.mtcomax.cz\/de\/wp-json\/wp\/v2\/media?parent=2790"}],"curies":[{"name":"wp","href":"https:\/\/api.w.org\/{rel}","templated":true}]}}