{"id":2782,"date":"2023-10-25T16:29:07","date_gmt":"2023-10-25T14:29:07","guid":{"rendered":"https:\/\/www.mtcomax.cz\/produkte\/profilierzentren\/laserovane-profily\/"},"modified":"2024-01-09T15:38:03","modified_gmt":"2024-01-09T14:38:03","slug":"gelaserte-profile","status":"publish","type":"page","link":"https:\/\/www.mtcomax.cz\/de\/produkte\/profilierzentren\/gelaserte-profile\/","title":{"rendered":"Gelaserte Profile"},"content":{"rendered":"","protected":false},"excerpt":{"rendered":"<p>Neben der eigenen Produktion d\u00fcnnwandiger Profile besch\u00e4ftigen wir uns auch mit deren Weiterverarbeitung. Dazu geh\u00f6ren das Trennen der Profile in vom Kunden gew\u00fcnschte L\u00e4ngen, das Einbringen von L\u00f6chern in den Profilen oder die Anpassung der Form der Profilfront.<\/p>\n","protected":false},"author":1,"featured_media":0,"parent":2676,"menu_order":6,"comment_status":"closed","ping_status":"closed","template":"pages\/page-blocks.php","meta":{"footnotes":""},"class_list":["post-2782","page","type-page","status-publish","hentry"],"yoast_head":"<!-- This site is optimized with the Yoast SEO plugin v25.6 - https:\/\/yoast.com\/wordpress\/plugins\/seo\/ -->\n<title>Gelaserte Profile | METAL TRADE COMAX, a.s.<\/title>\n<meta name=\"robots\" content=\"index, follow, max-snippet:-1, max-image-preview:large, max-video-preview:-1\" \/>\n<link rel=\"canonical\" href=\"https:\/\/www.mtcomax.cz\/de\/produkte\/profilierzentren\/gelaserte-profile\/\" \/>\n<meta property=\"og:locale\" content=\"de_DE\" \/>\n<meta property=\"og:type\" content=\"article\" \/>\n<meta property=\"og:title\" content=\"Gelaserte Profile | METAL TRADE COMAX, a.s.\" \/>\n<meta property=\"og:description\" content=\"Neben der eigenen Produktion d\u00fcnnwandiger Profile besch\u00e4ftigen wir uns auch mit deren Weiterverarbeitung. Dazu geh\u00f6ren das Trennen der Profile in vom Kunden gew\u00fcnschte L\u00e4ngen, das Einbringen von L\u00f6chern in den Profilen oder die Anpassung der Form der Profilfront.\" \/>\n<meta property=\"og:url\" content=\"https:\/\/www.mtcomax.cz\/de\/produkte\/profilierzentren\/gelaserte-profile\/\" \/>\n<meta property=\"og:site_name\" content=\"METAL TRADE COMAX, a.s.\" \/>\n<meta property=\"article:publisher\" content=\"https:\/\/www.facebook.com\/metaltradecomax\/\" \/>\n<meta property=\"article:modified_time\" content=\"2024-01-09T14:38:03+00:00\" \/>\n<meta property=\"og:image\" content=\"https:\/\/www.mtcomax.cz\/wp-content\/uploads\/2023\/10\/OG-comax.jpg\" \/>\n\t<meta property=\"og:image:width\" content=\"1200\" \/>\n\t<meta property=\"og:image:height\" content=\"630\" \/>\n\t<meta property=\"og:image:type\" content=\"image\/jpeg\" \/>\n<meta name=\"twitter:card\" content=\"summary_large_image\" \/>\n<!-- \/ Yoast SEO plugin. -->","yoast_head_json":{"title":"Gelaserte Profile | METAL TRADE COMAX, a.s.","robots":{"index":"index","follow":"follow","max-snippet":"max-snippet:-1","max-image-preview":"max-image-preview:large","max-video-preview":"max-video-preview:-1"},"canonical":"https:\/\/www.mtcomax.cz\/de\/produkte\/profilierzentren\/gelaserte-profile\/","og_locale":"de_DE","og_type":"article","og_title":"Gelaserte Profile | METAL TRADE COMAX, a.s.","og_description":"Neben der eigenen Produktion d\u00fcnnwandiger Profile besch\u00e4ftigen wir uns auch mit deren Weiterverarbeitung. Dazu geh\u00f6ren das Trennen der Profile in vom Kunden gew\u00fcnschte L\u00e4ngen, das Einbringen von L\u00f6chern in den Profilen oder die Anpassung der Form der Profilfront.","og_url":"https:\/\/www.mtcomax.cz\/de\/produkte\/profilierzentren\/gelaserte-profile\/","og_site_name":"METAL TRADE COMAX, a.s.","article_publisher":"https:\/\/www.facebook.com\/metaltradecomax\/","article_modified_time":"2024-01-09T14:38:03+00:00","og_image":[{"width":1200,"height":630,"url":"https:\/\/www.mtcomax.cz\/wp-content\/uploads\/2023\/10\/OG-comax.jpg","type":"image\/jpeg"}],"twitter_card":"summary_large_image","schema":{"@context":"https:\/\/schema.org","@graph":[{"@type":"WebPage","@id":"https:\/\/www.mtcomax.cz\/de\/produkte\/profilierzentren\/gelaserte-profile\/","url":"https:\/\/www.mtcomax.cz\/de\/produkte\/profilierzentren\/gelaserte-profile\/","name":"Gelaserte Profile | METAL TRADE COMAX, a.s.","isPartOf":{"@id":"https:\/\/comax.brilo.work\/#website"},"datePublished":"2023-10-25T14:29:07+00:00","dateModified":"2024-01-09T14:38:03+00:00","breadcrumb":{"@id":"https:\/\/www.mtcomax.cz\/de\/produkte\/profilierzentren\/gelaserte-profile\/#breadcrumb"},"inLanguage":"de","potentialAction":[{"@type":"ReadAction","target":["https:\/\/www.mtcomax.cz\/de\/produkte\/profilierzentren\/gelaserte-profile\/"]}]},{"@type":"BreadcrumbList","@id":"https:\/\/www.mtcomax.cz\/de\/produkte\/profilierzentren\/gelaserte-profile\/#breadcrumb","itemListElement":[{"@type":"ListItem","position":1,"name":"Dom\u016f","item":"https:\/\/www.mtcomax.cz\/de\/"},{"@type":"ListItem","position":2,"name":"Produkte","item":"https:\/\/www.mtcomax.cz\/de\/produkte\/"},{"@type":"ListItem","position":3,"name":"Profilierzentren","item":"https:\/\/www.mtcomax.cz\/de\/produkte\/profilierzentren\/"},{"@type":"ListItem","position":4,"name":"Gelaserte Profile"}]},{"@type":"WebSite","@id":"https:\/\/comax.brilo.work\/#website","url":"https:\/\/comax.brilo.work\/","name":"METAL TRADE COMAX, a.s.","description":"","publisher":{"@id":"https:\/\/comax.brilo.work\/#organization"},"potentialAction":[{"@type":"SearchAction","target":{"@type":"EntryPoint","urlTemplate":"https:\/\/comax.brilo.work\/?s={search_term_string}"},"query-input":{"@type":"PropertyValueSpecification","valueRequired":true,"valueName":"search_term_string"}}],"inLanguage":"de"},{"@type":"Organization","@id":"https:\/\/comax.brilo.work\/#organization","name":"METAL TRADE COMAX, a.s.","url":"https:\/\/comax.brilo.work\/","logo":{"@type":"ImageObject","inLanguage":"de","@id":"https:\/\/comax.brilo.work\/#\/schema\/logo\/image\/","url":"https:\/\/www.mtcomax.cz\/wp-content\/uploads\/2025\/09\/mtc-favikon-2.jpg","contentUrl":"https:\/\/www.mtcomax.cz\/wp-content\/uploads\/2025\/09\/mtc-favikon-2.jpg","width":500,"height":500,"caption":"METAL TRADE COMAX, a.s."},"image":{"@id":"https:\/\/comax.brilo.work\/#\/schema\/logo\/image\/"},"sameAs":["https:\/\/www.facebook.com\/metaltradecomax\/","https:\/\/www.instagram.com\/metal_trade_comax\/","https:\/\/www.linkedin.com\/company\/metal-trade-comax-a-s\/","https:\/\/www.youtube.com\/@metaltradecomaxa.s.8970"]}]}},"_links":{"self":[{"href":"https:\/\/www.mtcomax.cz\/de\/wp-json\/wp\/v2\/pages\/2782","targetHints":{"allow":["GET"]}}],"collection":[{"href":"https:\/\/www.mtcomax.cz\/de\/wp-json\/wp\/v2\/pages"}],"about":[{"href":"https:\/\/www.mtcomax.cz\/de\/wp-json\/wp\/v2\/types\/page"}],"author":[{"embeddable":true,"href":"https:\/\/www.mtcomax.cz\/de\/wp-json\/wp\/v2\/users\/1"}],"replies":[{"embeddable":true,"href":"https:\/\/www.mtcomax.cz\/de\/wp-json\/wp\/v2\/comments?post=2782"}],"version-history":[{"count":3,"href":"https:\/\/www.mtcomax.cz\/de\/wp-json\/wp\/v2\/pages\/2782\/revisions"}],"predecessor-version":[{"id":2785,"href":"https:\/\/www.mtcomax.cz\/de\/wp-json\/wp\/v2\/pages\/2782\/revisions\/2785"}],"up":[{"embeddable":true,"href":"https:\/\/www.mtcomax.cz\/de\/wp-json\/wp\/v2\/pages\/2676"}],"wp:attachment":[{"href":"https:\/\/www.mtcomax.cz\/de\/wp-json\/wp\/v2\/media?parent=2782"}],"curies":[{"name":"wp","href":"https:\/\/api.w.org\/{rel}","templated":true}]}}