{"id":2689,"date":"2023-10-20T12:09:51","date_gmt":"2023-10-20T10:09:51","guid":{"rendered":"https:\/\/www.mtcomax.cz\/produkte\/lackieranlage\/lakovani\/"},"modified":"2025-04-09T10:05:52","modified_gmt":"2025-04-09T08:05:52","slug":"lackieren","status":"publish","type":"page","link":"https:\/\/www.mtcomax.cz\/de\/produkte\/lackieranlage\/lackieren\/","title":{"rendered":"Lackieren"},"content":{"rendered":"<h2 style=\"text-align: center;\">Wir setzen auf die Zukunft<\/h2>\n<blockquote>\n<ul>\n<li>Wir verbrennen die beim Lackieren und Einbrennen der Farben entstehenden Gase und verhindern so die Freisetzung von Kohlenwasserstoffen in die Atmosph\u00e4re. Die gewonnene W\u00e4rme nutzen wir in der Produktion und zur Beheizung der Produktionsr\u00e4ume.<\/li>\n<li>Wir f\u00fchren ein 100-prozentiges Recycling von L\u00f6sungsmitteln durch \u2013 wir regenerieren das verbrauchte L\u00f6sungsmittel durch Vakuumdestillation und f\u00fchren es sauber in die Produktion zur\u00fcck.<\/li>\n<li>Wir achten auf die Energieeffizienz unserer Produktion &#8211; betreiben wir leistungsstarke Solarkraftwerke mit einer installierten Leistung von 2 MWp auf den D\u00e4chern, die einen gro\u00dfen Teil unseres Energieverbrauchs decken.<\/li>\n<\/ul>\n<\/blockquote>\n<p>&nbsp;<\/p>\n<p style=\"text-align: center;\"><a class=\"btn --secondary\" href=\"https:\/\/www.mtcomax.cz\/de\/produkte\/lackieranlage\/kontakte\/\" target=\"blank\" rel=\"noopener\"> Kontaktieren Sie <\/a><\/p>\n","protected":false},"excerpt":{"rendered":"<p>Wir setzen auf die Zukunft Wir verbrennen die beim Lackieren und Einbrennen der Farben entstehenden Gase und verhindern so die Freisetzung von Kohlenwasserstoffen in die Atmosph\u00e4re. Die gewonnene W\u00e4rme nutzen wir in der Produktion und zur Beheizung der Produktionsr\u00e4ume. Wir f\u00fchren ein 100-prozentiges Recycling von L\u00f6sungsmitteln durch \u2013 wir regenerieren das verbrauchte L\u00f6sungsmittel durch Vakuumdestillation&#8230;<\/p>\n","protected":false},"author":1,"featured_media":0,"parent":2529,"menu_order":0,"comment_status":"closed","ping_status":"closed","template":"pages\/page-blocks.php","meta":{"footnotes":""},"class_list":["post-2689","page","type-page","status-publish","hentry"],"yoast_head":"<!-- This site is optimized with the Yoast SEO plugin v25.6 - https:\/\/yoast.com\/wordpress\/plugins\/seo\/ -->\n<title>Lackieren | METAL TRADE COMAX, a.s.<\/title>\n<meta name=\"robots\" content=\"index, follow, max-snippet:-1, max-image-preview:large, max-video-preview:-1\" \/>\n<link rel=\"canonical\" href=\"https:\/\/www.mtcomax.cz\/de\/produkte\/lackieranlage\/lackieren\/\" \/>\n<meta property=\"og:locale\" content=\"de_DE\" \/>\n<meta property=\"og:type\" content=\"article\" \/>\n<meta property=\"og:title\" content=\"Lackieren | METAL TRADE COMAX, a.s.\" \/>\n<meta property=\"og:description\" content=\"Wir setzen auf die Zukunft Wir verbrennen die beim Lackieren und Einbrennen der Farben entstehenden Gase und verhindern so die Freisetzung von Kohlenwasserstoffen in die Atmosph\u00e4re. Die gewonnene W\u00e4rme nutzen wir in der Produktion und zur Beheizung der Produktionsr\u00e4ume. Wir f\u00fchren ein 100-prozentiges Recycling von L\u00f6sungsmitteln durch \u2013 wir regenerieren das verbrauchte L\u00f6sungsmittel durch Vakuumdestillation...\" \/>\n<meta property=\"og:url\" content=\"https:\/\/www.mtcomax.cz\/de\/produkte\/lackieranlage\/lackieren\/\" \/>\n<meta property=\"og:site_name\" content=\"METAL TRADE COMAX, a.s.\" \/>\n<meta property=\"article:publisher\" content=\"https:\/\/www.facebook.com\/metaltradecomax\/\" \/>\n<meta property=\"article:modified_time\" content=\"2025-04-09T08:05:52+00:00\" \/>\n<meta property=\"og:image\" content=\"https:\/\/www.mtcomax.cz\/wp-content\/uploads\/2023\/10\/OG-comax.jpg\" \/>\n\t<meta property=\"og:image:width\" content=\"1200\" \/>\n\t<meta property=\"og:image:height\" content=\"630\" \/>\n\t<meta property=\"og:image:type\" content=\"image\/jpeg\" \/>\n<meta name=\"twitter:card\" content=\"summary_large_image\" \/>\n<meta name=\"twitter:label1\" content=\"Gesch\u00e4tzte Lesezeit\" \/>\n\t<meta name=\"twitter:data1\" content=\"1\u00a0Minute\" \/>\n<!-- \/ Yoast SEO plugin. -->","yoast_head_json":{"title":"Lackieren | METAL TRADE COMAX, a.s.","robots":{"index":"index","follow":"follow","max-snippet":"max-snippet:-1","max-image-preview":"max-image-preview:large","max-video-preview":"max-video-preview:-1"},"canonical":"https:\/\/www.mtcomax.cz\/de\/produkte\/lackieranlage\/lackieren\/","og_locale":"de_DE","og_type":"article","og_title":"Lackieren | METAL TRADE COMAX, a.s.","og_description":"Wir setzen auf die Zukunft Wir verbrennen die beim Lackieren und Einbrennen der Farben entstehenden Gase und verhindern so die Freisetzung von Kohlenwasserstoffen in die Atmosph\u00e4re. Die gewonnene W\u00e4rme nutzen wir in der Produktion und zur Beheizung der Produktionsr\u00e4ume. Wir f\u00fchren ein 100-prozentiges Recycling von L\u00f6sungsmitteln durch \u2013 wir regenerieren das verbrauchte L\u00f6sungsmittel durch Vakuumdestillation...","og_url":"https:\/\/www.mtcomax.cz\/de\/produkte\/lackieranlage\/lackieren\/","og_site_name":"METAL TRADE COMAX, a.s.","article_publisher":"https:\/\/www.facebook.com\/metaltradecomax\/","article_modified_time":"2025-04-09T08:05:52+00:00","og_image":[{"width":1200,"height":630,"url":"https:\/\/www.mtcomax.cz\/wp-content\/uploads\/2023\/10\/OG-comax.jpg","type":"image\/jpeg"}],"twitter_card":"summary_large_image","twitter_misc":{"Gesch\u00e4tzte Lesezeit":"1\u00a0Minute"},"schema":{"@context":"https:\/\/schema.org","@graph":[{"@type":"WebPage","@id":"https:\/\/www.mtcomax.cz\/de\/produkte\/lackieranlage\/lackieren\/","url":"https:\/\/www.mtcomax.cz\/de\/produkte\/lackieranlage\/lackieren\/","name":"Lackieren | METAL TRADE COMAX, a.s.","isPartOf":{"@id":"https:\/\/comax.brilo.work\/#website"},"datePublished":"2023-10-20T10:09:51+00:00","dateModified":"2025-04-09T08:05:52+00:00","breadcrumb":{"@id":"https:\/\/www.mtcomax.cz\/de\/produkte\/lackieranlage\/lackieren\/#breadcrumb"},"inLanguage":"de","potentialAction":[{"@type":"ReadAction","target":["https:\/\/www.mtcomax.cz\/de\/produkte\/lackieranlage\/lackieren\/"]}]},{"@type":"BreadcrumbList","@id":"https:\/\/www.mtcomax.cz\/de\/produkte\/lackieranlage\/lackieren\/#breadcrumb","itemListElement":[{"@type":"ListItem","position":1,"name":"Dom\u016f","item":"https:\/\/www.mtcomax.cz\/de\/"},{"@type":"ListItem","position":2,"name":"Produkte","item":"https:\/\/www.mtcomax.cz\/de\/produkte\/"},{"@type":"ListItem","position":3,"name":"Lackieranlage","item":"https:\/\/www.mtcomax.cz\/de\/produkte\/lackieranlage\/"},{"@type":"ListItem","position":4,"name":"Lackieren"}]},{"@type":"WebSite","@id":"https:\/\/comax.brilo.work\/#website","url":"https:\/\/comax.brilo.work\/","name":"METAL TRADE COMAX, a.s.","description":"","publisher":{"@id":"https:\/\/comax.brilo.work\/#organization"},"potentialAction":[{"@type":"SearchAction","target":{"@type":"EntryPoint","urlTemplate":"https:\/\/comax.brilo.work\/?s={search_term_string}"},"query-input":{"@type":"PropertyValueSpecification","valueRequired":true,"valueName":"search_term_string"}}],"inLanguage":"de"},{"@type":"Organization","@id":"https:\/\/comax.brilo.work\/#organization","name":"METAL TRADE COMAX, a.s.","url":"https:\/\/comax.brilo.work\/","logo":{"@type":"ImageObject","inLanguage":"de","@id":"https:\/\/comax.brilo.work\/#\/schema\/logo\/image\/","url":"https:\/\/www.mtcomax.cz\/wp-content\/uploads\/2025\/09\/mtc-favikon-2.jpg","contentUrl":"https:\/\/www.mtcomax.cz\/wp-content\/uploads\/2025\/09\/mtc-favikon-2.jpg","width":500,"height":500,"caption":"METAL TRADE COMAX, a.s."},"image":{"@id":"https:\/\/comax.brilo.work\/#\/schema\/logo\/image\/"},"sameAs":["https:\/\/www.facebook.com\/metaltradecomax\/","https:\/\/www.instagram.com\/metal_trade_comax\/","https:\/\/www.linkedin.com\/company\/metal-trade-comax-a-s\/","https:\/\/www.youtube.com\/@metaltradecomaxa.s.8970"]}]}},"_links":{"self":[{"href":"https:\/\/www.mtcomax.cz\/de\/wp-json\/wp\/v2\/pages\/2689","targetHints":{"allow":["GET"]}}],"collection":[{"href":"https:\/\/www.mtcomax.cz\/de\/wp-json\/wp\/v2\/pages"}],"about":[{"href":"https:\/\/www.mtcomax.cz\/de\/wp-json\/wp\/v2\/types\/page"}],"author":[{"embeddable":true,"href":"https:\/\/www.mtcomax.cz\/de\/wp-json\/wp\/v2\/users\/1"}],"replies":[{"embeddable":true,"href":"https:\/\/www.mtcomax.cz\/de\/wp-json\/wp\/v2\/comments?post=2689"}],"version-history":[{"count":11,"href":"https:\/\/www.mtcomax.cz\/de\/wp-json\/wp\/v2\/pages\/2689\/revisions"}],"predecessor-version":[{"id":9546,"href":"https:\/\/www.mtcomax.cz\/de\/wp-json\/wp\/v2\/pages\/2689\/revisions\/9546"}],"up":[{"embeddable":true,"href":"https:\/\/www.mtcomax.cz\/de\/wp-json\/wp\/v2\/pages\/2529"}],"wp:attachment":[{"href":"https:\/\/www.mtcomax.cz\/de\/wp-json\/wp\/v2\/media?parent=2689"}],"curies":[{"name":"wp","href":"https:\/\/api.w.org\/{rel}","templated":true}]}}