{"id":2524,"date":"2023-10-23T11:34:10","date_gmt":"2023-10-23T09:34:10","guid":{"rendered":"https:\/\/www.mtcomax.cz\/projekty-eu\/"},"modified":"2026-01-21T14:17:00","modified_gmt":"2026-01-21T13:17:00","slug":"eu-projekte","status":"publish","type":"page","link":"https:\/\/www.mtcomax.cz\/de\/eu-projekte\/","title":{"rendered":"EU-Projekte"},"content":{"rendered":"<h1 style=\"text-align: center;\"><b>EU-Projekte<\/b><\/h1>\n<hr \/>\n<h2 style=\"text-align: center;\">2024<\/h2>\n<p style=\"text-align: center;\"><strong><span style=\"font-size: 24pt; color: #000080;\">GARANTIE ELEKTROMOBILIT\u00c4T<\/span><\/strong><\/p>\n<p style=\"text-align: center;\"><span style=\"color: #ff0000;\"><strong>UNTERNEHMEN<\/strong><\/span><\/p>\n<p style=\"text-align: center;\"><span style=\"color: #000080; font-size: 18pt;\"><strong>METAL TRADE COMAX, a.s.<\/strong><\/span><\/p>\n<p style=\"text-align: center;\"><span style=\"color: #ff0000;\"><strong>BESCHREIBUNG UND ZIELE DES PROJEKTS<br \/>\n<\/strong><\/span><span style=\"color: #000080;\"><strong>Ziel des Projekts war die Anschaffung eines emissionsfreien Fahrzeugs \u2013 konkret eines batteriebetriebenen Elektrofahrzeugs. Die Gesellschaft METAL TRADE COMAX, a.s. hat im Rahmen des Programms \u201eGarantie f\u00fcr Elektromobilit\u00e4t \u2013 I. Aufruf\u201c ein Elektroauto der Kategorie M1 \u2013 Volkswagen ID.3 Hatchback ID.3 Pro People (A1) 150 \u2013 kW \u2013 angeschafft. Das erworbene Elektroauto wird in erster Linie f\u00fcr die Gesch\u00e4ftst\u00e4tigkeit der Firma METAL TRADE COMAX, a.s. genutzt werden.<\/strong><\/span><\/p>\n<p style=\"text-align: center;\"><span style=\"color: #ff0000;\"><strong>ERGEBNIS DER PROJEKTUMSETZUNG<br \/>\n<\/strong><\/span><span style=\"color: #000080;\"><strong>Das Ergebnis des umgesetzten Projekts ist die Anschaffung eines emissionsfreien Fahrzeugs f\u00fcr die Bed\u00fcrfnisse der Firma METAL TRADE COMAX, a.s. im Rahmen ihrer Gesch\u00e4ftst\u00e4tigkeit. Diese Ma\u00dfnahmen zielen darauf ab, die Abh\u00e4ngigkeit von fossilen Brennstoffen zu verringern, was durch die Reduzierung von CO2-Emissionen und anderen Schadstoffen zu einer nachhaltigeren und umweltfreundlicheren Umwelt beitr\u00e4gt. Der Umstieg auf Elektrofahrzeuge ist ein notwendiger Schritt in Richtung einer saubereren und ges\u00fcnderen Umwelt und zur Erreichung der globalen Ziele f\u00fcr nachhaltige Entwicklung.<\/strong><\/span><\/p>\n<img decoding=\"async\" class=\"aligncenter wp-image-8799\" src=\"data:image\/gif;base64,R0lGODlhAQABAIAAAAAAAP\/\/\/yH5BAEAAAAALAAAAAABAAEAAAIBRAA7\" data-src=\"https:\/\/www.mtcomax.cz\/wp-content\/uploads\/2025\/01\/ZARUKA-ELEKTROMOBILITA2.png\" alt=\"EU-Projekte - METAL TRADE COMAX, a.s.\" width=\"832\" height=\"83\" srcset=\"data:image\/gif;base64,R0lGODlhAQABAIAAAAAAAP\/\/\/yH5BAEAAAAALAAAAAABAAEAAAIBRAA7\" data-srcset=\"https:\/\/www.mtcomax.cz\/wp-content\/uploads\/2025\/01\/ZARUKA-ELEKTROMOBILITA2.png 742w, https:\/\/www.mtcomax.cz\/wp-content\/uploads\/2025\/01\/ZARUKA-ELEKTROMOBILITA2-300x30.png 300w\" sizes=\"(max-width: 832px) 100vw, 832px\" \/>\n<hr \/>\n<h2 style=\"text-align: center;\">2023-2025<\/h2>\n<h3 style=\"text-align: center;\">Nutzung von Abw\u00e4rme zur Beheizung von Geb\u00e4uden und Bau von PV-Anlagen<\/h3>\n<p><div class=\"columns-2 row\"><div class=\"column\"><\/p>\n<p><strong><b>Projektname<\/b>: Nutzung von Abw\u00e4rme zur Beheizung von Geb\u00e4uden und Bau von PV-Anlagen<\/strong><\/p>\n<p>Antragsteller und Empf\u00e4nger: METAL TRADE COMAX, a.s.<\/p>\n<p>Beginn der Projektumsetzung: 07\/2023<\/p>\n<p>Ende der Projektumsetzung: 11\/2025<\/p>\n<p>H\u00f6he der anerkennbaren Kosten: 36,752 Tsd. CZK<\/p>\n<p>H\u00f6he der F\u00f6rderung: 35%<\/p>\n<p>Operationelles EU-Programm:<\/p>\n<p><a href=\"https:\/\/www.mtcomax.cz\/wp-content\/uploads\/2024\/05\/projekty-1.jpg\"><img decoding=\"async\" class=\"alignnone wp-image-5162 size-full\" src=\"data:image\/gif;base64,R0lGODlhAQABAIAAAAAAAP\/\/\/yH5BAEAAAAALAAAAAABAAEAAAIBRAA7\" data-src=\"https:\/\/www.mtcomax.cz\/wp-content\/uploads\/2024\/05\/projekty-1.jpg\" alt=\"EU-Projekte - METAL TRADE COMAX, a.s.\" width=\"605\" height=\"96\" srcset=\"data:image\/gif;base64,R0lGODlhAQABAIAAAAAAAP\/\/\/yH5BAEAAAAALAAAAAABAAEAAAIBRAA7\" data-srcset=\"https:\/\/www.mtcomax.cz\/wp-content\/uploads\/2024\/05\/projekty-1.jpg 605w, https:\/\/www.mtcomax.cz\/wp-content\/uploads\/2024\/05\/projekty-1-300x48.jpg 300w\" sizes=\"(max-width: 605px) 100vw, 605px\" \/><\/a><br \/>\n<\/div><div class=\"column\"><\/p>\n<p><b>Projektziel:<\/b><\/p>\n<p>Das Projekt sieht vor, die Abw\u00e4rme von zwei Induktionsschmelz\u00f6fen f\u00fcr das Verwaltungsgeb\u00e4ude und das Toilettengeb\u00e4ude zu nutzen, indem der Erdgasverbrauch in den Kesselr\u00e4umen dieser Geb\u00e4ude teilweise ersetzt wird. Eine weitere Ma\u00dfnahme ist der Ersatz der Beleuchtung in der Halle des Dienstleistungszentrums durch DALI-gesteuerte LED-Leuchten und die Installation von Photovoltaikanlagen auf den D\u00e4chern der drei Geb\u00e4ude des gesamten Gel\u00e4ndes mit einer Leistung von etwa 1,0 MWp ohne Energiespeicher.<\/p>\n<p><\/div><\/div><\/p>\n<hr \/>\n<h2 style=\"text-align: center;\">2022-2025<\/h2>\n<h3 style=\"text-align: center;\">Erh\u00f6hung der Recyclingkapazit\u00e4t bei MTC<\/h3>\n<p><div class=\"columns-2 row\"><div class=\"column\"><\/p>\n<p><strong><b>Projektname<\/b>: Erh\u00f6hung der Recyclingkapazit\u00e4t bei MTC<\/strong><\/p>\n<p>Antragsteller und Empf\u00e4nger: METAL TRADE COMAX, a.s.<\/p>\n<p>Beginn der Projektumsetzung: 09\/2022<\/p>\n<p>Ende der Projektumsetzung: 03\/2025<\/p>\n<p>H\u00f6he der anerkennbaren Kosten: 50,000 Tsd. CZK<\/p>\n<p>H\u00f6he der F\u00f6rderung: 40%<\/p>\n<p>Operationelles EU-Programm:<\/p>\n<p><a href=\"https:\/\/www.mtcomax.cz\/wp-content\/uploads\/2024\/05\/projekty-2.jpg\"><img decoding=\"async\" class=\"alignnone wp-image-5166 size-full\" src=\"data:image\/gif;base64,R0lGODlhAQABAIAAAAAAAP\/\/\/yH5BAEAAAAALAAAAAABAAEAAAIBRAA7\" data-src=\"https:\/\/www.mtcomax.cz\/wp-content\/uploads\/2024\/05\/projekty-2.jpg\" alt=\"EU-Projekte - METAL TRADE COMAX, a.s.\" width=\"605\" height=\"88\" srcset=\"data:image\/gif;base64,R0lGODlhAQABAIAAAAAAAP\/\/\/yH5BAEAAAAALAAAAAABAAEAAAIBRAA7\" data-srcset=\"https:\/\/www.mtcomax.cz\/wp-content\/uploads\/2024\/05\/projekty-2.jpg 605w, https:\/\/www.mtcomax.cz\/wp-content\/uploads\/2024\/05\/projekty-2-300x44.jpg 300w\" sizes=\"(max-width: 605px) 100vw, 605px\" \/><\/a><br \/>\n<\/div><div class=\"column\"><\/p>\n<p><b>Projektziel:<\/b><\/p>\n<p>Ziel des Projekts ist der Ausbau der Recycling-Infrastruktur f\u00fcr die Abfallbehandlung. Die Abf\u00e4lle werden bis zu einem Halbzeug, d.h. einer sekund\u00e4ren Guss- oder geformten Aluminiumlegierung gem\u00e4\u00df den EN-Normen oder den Kundenanforderungen, verarbeitet.<\/p>\n<p><\/div><\/div><\/p>\n<hr \/>\n<h2 style=\"text-align: center;\">2022-2023<\/h2>\n<h3 style=\"text-align: center;\"><b>Neue Generation d\u00fcnnwandiger Schwei\u00dfprofile<\/b><\/h3>\n<p><div class=\"columns-2 row\"><div class=\"column\"><\/p>\n<p><b>Projektname: Neue Generation d\u00fcnnwandiger Schwei\u00dfprofile <\/b><\/p>\n<p>Antragsteller und Empf\u00e4nger: METAL TRADE COMAX, a.s.<\/p>\n<p>Beginn der Projektumsetzung: 01\/2022<\/p>\n<p>Ende der Projektumsetzung: 06\/2023<\/p>\n<p>H\u00f6he der anerkennbaren Kosten: 126 824 Tsd. CZK<\/p>\n<p>H\u00f6he der F\u00f6rderung: 25%<\/p>\n<p>Operationelles EU-Programm:<\/p>\n<p><a href=\"https:\/\/www.mtcomax.cz\/wp-content\/uploads\/2023\/11\/3-300x71.jpg\"><img decoding=\"async\" class=\"alignleft wp-image-1000 size-medium\" src=\"data:image\/gif;base64,R0lGODlhAQABAIAAAAAAAP\/\/\/yH5BAEAAAAALAAAAAABAAEAAAIBRAA7\" data-src=\"https:\/\/www.mtcomax.cz\/wp-content\/uploads\/2023\/11\/3-300x71.jpg\" alt=\"EU-Projekte - METAL TRADE COMAX, a.s.\" width=\"300\" height=\"71\" srcset=\"data:image\/gif;base64,R0lGODlhAQABAIAAAAAAAP\/\/\/yH5BAEAAAAALAAAAAABAAEAAAIBRAA7\" data-srcset=\"https:\/\/www.mtcomax.cz\/wp-content\/uploads\/2023\/11\/3-300x71.jpg 300w, https:\/\/www.mtcomax.cz\/wp-content\/uploads\/2023\/11\/3-1024x242.jpg 1024w, https:\/\/www.mtcomax.cz\/wp-content\/uploads\/2023\/11\/3-768x182.jpg 768w, https:\/\/www.mtcomax.cz\/wp-content\/uploads\/2023\/11\/3-1536x363.jpg 1536w, https:\/\/www.mtcomax.cz\/wp-content\/uploads\/2023\/11\/3.jpg 2000w\" sizes=\"(max-width: 300px) 100vw, 300px\" \/><\/a><br \/>\n<\/div><div class=\"column\"><\/p>\n<p><b>Projektziel<\/b><span style=\"font-weight: 400;\">:<\/span><\/p>\n<p>Ziel des Projekts ist die Steigerung der Wettbewerbsf\u00e4higkeit des Unternehmens durch die Einf\u00fchrung innovativer Technologien im Bereich d\u00fcnnwandiger Schwei\u00dfprofile und die Erweiterung des Produktionsportfolios des Antragstellers um die Produktion spezieller d\u00fcnnwandiger Schwei\u00dfprofile, die insbesondere dort Anwendung finden, wo Wert auf die Torsionssteifigkeit des Profils und Gewichtsreduzierung bei gleichzeitiger Beibehaltung der Festigkeit im Vergleich zu einem offenen Profil gelegt wird. Durch die Umsetzung des Projekts werden die technischen und Nutzwerte der Produkte erh\u00f6ht.<\/p>\n<p><\/div><\/div><\/p>\n<hr \/>\n<h2 style=\"text-align: center;\">2020-2021<\/h2>\n<h3 style=\"text-align: center;\"><b>Verarbeitung von Sekund\u00e4rrohstoffen mittels Lasertechnologie<\/b><\/h3>\n<p><div class=\"columns-2 row\"><div class=\"column\"><\/p>\n<p><b>Projektname<\/b><b>: Verarbeitung von Sekund\u00e4rrohstoffen mittels innovativer Lasertechnologie<\/b><\/p>\n<p>Antragsteller und Empf\u00e4nger: METAL TRADE COMAX, a.s.<\/p>\n<p>Beginn der Projektumsetzung: 06\/2020<\/p>\n<p>Ende der Projektumsetzung: 11\/2021<\/p>\n<p>H\u00f6he der anerkennbaren Kosten: 26 840 Tsd. CZK<\/p>\n<p>H\u00f6he der F\u00f6rderung: 25%<\/p>\n<p>Operationelles EU-Programm:<\/p>\n<a href=\"https:\/\/www.mtcomax.cz\/wp-content\/uploads\/2023\/11\/3-300x71.jpg\"><img decoding=\"async\" class=\"alignnone wp-image-1000 size-medium\" src=\"data:image\/gif;base64,R0lGODlhAQABAIAAAAAAAP\/\/\/yH5BAEAAAAALAAAAAABAAEAAAIBRAA7\" data-src=\"https:\/\/www.mtcomax.cz\/wp-content\/uploads\/2023\/11\/3-300x71.jpg\" alt=\"EU-Projekte - METAL TRADE COMAX, a.s.\" width=\"300\" height=\"71\" srcset=\"data:image\/gif;base64,R0lGODlhAQABAIAAAAAAAP\/\/\/yH5BAEAAAAALAAAAAABAAEAAAIBRAA7\" data-srcset=\"https:\/\/www.mtcomax.cz\/wp-content\/uploads\/2023\/11\/3-300x71.jpg 300w, https:\/\/www.mtcomax.cz\/wp-content\/uploads\/2023\/11\/3-1024x242.jpg 1024w, https:\/\/www.mtcomax.cz\/wp-content\/uploads\/2023\/11\/3-768x182.jpg 768w, https:\/\/www.mtcomax.cz\/wp-content\/uploads\/2023\/11\/3-1536x363.jpg 1536w, https:\/\/www.mtcomax.cz\/wp-content\/uploads\/2023\/11\/3.jpg 2000w\" sizes=\"(max-width: 300px) 100vw, 300px\" \/><\/a>\n<p><\/div><div class=\"column\"><\/p>\n<p><b>Projektziel:<\/b><\/p>\n<p>Ziel des Projekts ist die Steigerung der Wettbewerbsf\u00e4higkeit des Unternehmens durch die Einf\u00fchrung innovativer Technologien im Bereich der Verarbeitung von Sekund\u00e4rrohstoffen. Durch die Aufarbeitung und Wiederverwendung eines Teils des bei der Wareneingangskontrolle aussortierten Materials steigern wir die Effizienz der Logistik der Materialfl\u00fcsse an der Lackieranlage mit positiven Auswirkungen auf die Umwelt.<\/p>\n<p><\/div><\/div><\/p>\n<h3 style=\"text-align: center;\"><b>Energieeinsparung bei METAL TRADE COMAX, a.s.<\/b><\/h3>\n<p><div class=\"columns-2 row\"><\/p>\n<p><div class=\"column\"><\/p>\n<p><b>Projektname<\/b><b>: Energieeinsparung bei METAL TRADE COMAX, a.s.<\/b><\/p>\n<p>Antragsteller und Empf\u00e4nger: METAL TRADE COMAX, a.s.<\/p>\n<p>Beginn der Projektumsetzung: 05\/2020<\/p>\n<p>Ende der Projektumsetzung: 06\/2022<\/p>\n<p>H\u00f6he der anerkennbaren Kosten: 4 932 Tsd. CZK<\/p>\n<p>H\u00f6he der F\u00f6rderung: 30%<\/p>\n<p>Operationelles EU-Programm:<\/p>\n<a href=\"https:\/\/www.mtcomax.cz\/wp-content\/uploads\/2023\/11\/3-300x71.jpg\"><img decoding=\"async\" class=\"alignnone wp-image-1000 size-medium\" src=\"data:image\/gif;base64,R0lGODlhAQABAIAAAAAAAP\/\/\/yH5BAEAAAAALAAAAAABAAEAAAIBRAA7\" data-src=\"https:\/\/www.mtcomax.cz\/wp-content\/uploads\/2023\/11\/3-300x71.jpg\" alt=\"EU-Projekte - METAL TRADE COMAX, a.s.\" width=\"300\" height=\"71\" srcset=\"data:image\/gif;base64,R0lGODlhAQABAIAAAAAAAP\/\/\/yH5BAEAAAAALAAAAAABAAEAAAIBRAA7\" data-srcset=\"https:\/\/www.mtcomax.cz\/wp-content\/uploads\/2023\/11\/3-300x71.jpg 300w, https:\/\/www.mtcomax.cz\/wp-content\/uploads\/2023\/11\/3-1024x242.jpg 1024w, https:\/\/www.mtcomax.cz\/wp-content\/uploads\/2023\/11\/3-768x182.jpg 768w, https:\/\/www.mtcomax.cz\/wp-content\/uploads\/2023\/11\/3-1536x363.jpg 1536w, https:\/\/www.mtcomax.cz\/wp-content\/uploads\/2023\/11\/3.jpg 2000w\" sizes=\"(max-width: 300px) 100vw, 300px\" \/><\/a>\n<p><\/div><\/p>\n<p><div class=\"column\"><\/p>\n<p><b>Projektziel: <\/b><\/p>\n<p>Das Projekt konzentriert sich auf Energieeinsparungen durch die Umsetzung von drei grundlegenden Ma\u00dfnahmen:<\/p>\n<ol>\n<li>Austausch der veralteten Beleuchtung in den Produktions- und Lagerhallen des H\u00fcttenbetriebs, der Lackieranlage und des Profilierzentrums, einschlie\u00dflich der Modernisierung der Stromverteilung f\u00fcr das Beleuchtungssystem<\/li>\n<li>Austausch der Heizkessel inklusive Zubeh\u00f6r<\/li>\n<li>Modernisierung und Vervollst\u00e4ndigung des MaR-Systems, Erweiterung der Beleuchtungsregulierung<\/li>\n<\/ol>\n<p>\u00d6kologische Vorteile sind integraler Bestandteil des Projekts, d. h. Reduzierung der Emissionsfaktoren um ca. 364 Tonnen\/Jahr.<\/p>\n<p><\/div><\/p>\n<p><\/div><\/p>\n<h3 style=\"text-align: center;\"><b>Innovation der Produktion von lackierten B\u00e4ndern durch das Coil-Coating-Verfahren<\/b><\/h3>\n<p><div class=\"columns-2 row\"><\/p>\n<p><div class=\"column\"><\/p>\n<p><b>Projektname<\/b><b>: Innovation der Produktion von lackierten B\u00e4ndern durch das Coil-Coating-Verfahren<\/b><\/p>\n<p>Antragsteller und Empf\u00e4nger: METAL TRADE COMAX, a.s.<\/p>\n<p>Beginn der Projektumsetzung: 01\/2020<\/p>\n<p>Ende der Projektumsetzung: 12\/2021<\/p>\n<p>H\u00f6he der anerkennbaren Kosten: 23 430 Tsd. CZK<\/p>\n<p>H\u00f6he der F\u00f6rderung: 25%<\/p>\n<p>Operationelles EU-Programm:<\/p>\n<a href=\"https:\/\/www.mtcomax.cz\/wp-content\/uploads\/2023\/11\/3-300x71.jpg\"><img decoding=\"async\" class=\"alignnone wp-image-1000 size-medium\" src=\"data:image\/gif;base64,R0lGODlhAQABAIAAAAAAAP\/\/\/yH5BAEAAAAALAAAAAABAAEAAAIBRAA7\" data-src=\"https:\/\/www.mtcomax.cz\/wp-content\/uploads\/2023\/11\/3-300x71.jpg\" alt=\"EU-Projekte - METAL TRADE COMAX, a.s.\" width=\"300\" height=\"71\" srcset=\"data:image\/gif;base64,R0lGODlhAQABAIAAAAAAAP\/\/\/yH5BAEAAAAALAAAAAABAAEAAAIBRAA7\" data-srcset=\"https:\/\/www.mtcomax.cz\/wp-content\/uploads\/2023\/11\/3-300x71.jpg 300w, https:\/\/www.mtcomax.cz\/wp-content\/uploads\/2023\/11\/3-1024x242.jpg 1024w, https:\/\/www.mtcomax.cz\/wp-content\/uploads\/2023\/11\/3-768x182.jpg 768w, https:\/\/www.mtcomax.cz\/wp-content\/uploads\/2023\/11\/3-1536x363.jpg 1536w, https:\/\/www.mtcomax.cz\/wp-content\/uploads\/2023\/11\/3.jpg 2000w\" sizes=\"(max-width: 300px) 100vw, 300px\" \/><\/a>\n<p><\/div><\/p>\n<p><div class=\"column\"><\/p>\n<p><b>Projektziel:<\/b><\/p>\n<p>Ziel des Projekts ist die Steigerung der Wettbewerbsf\u00e4higkeit des Unternehmens durch die Erweiterung des Produktportfolios im Bereich von lackierten B\u00e4ndern um das Coil-Coating-Verfahren. Gleichzeitig mit der Produktinnovation wird auch der technologische Produktionsprozess innoviert, insbesondere im Hinblick auf Produktionsqualit\u00e4t und Produktionseffizienz, durch den Einbau optischer Kontrollelemente zur \u00dcberpr\u00fcfung von Oberfl\u00e4chenfehlern und der Ebenheit des Eingangsmaterials. Eine weitere Ma\u00dfnahme zur Erh\u00f6hung der Oberfl\u00e4chenqualit\u00e4t und zum gleichm\u00e4\u00dfigen Auftragen der Farbe ist eine Vorrichtung zur automatischen Steuerung des Andrucks der Auftragswalzen.<\/p>\n<p>Die Umsetzung des Projekts wird den technischen, praktischen und gestalterischen Wert unserer Produkte steigern.<\/p>\n<p><\/div><\/p>\n<p><\/div><\/p>\n<p>&nbsp;<\/p>\n","protected":false},"excerpt":{"rendered":"<p>EU-Projekte 2024 GARANTIE ELEKTROMOBILIT\u00c4T UNTERNEHMEN METAL TRADE COMAX, a.s. BESCHREIBUNG UND ZIELE DES PROJEKTS Ziel des Projekts war die Anschaffung eines emissionsfreien Fahrzeugs \u2013 konkret eines batteriebetriebenen Elektrofahrzeugs. Die Gesellschaft METAL TRADE COMAX, a.s. hat im Rahmen des Programms \u201eGarantie f\u00fcr Elektromobilit\u00e4t \u2013 I. Aufruf\u201c ein Elektroauto der Kategorie M1 \u2013 Volkswagen ID.3 Hatchback ID.3&#8230;<\/p>\n","protected":false},"author":1,"featured_media":0,"parent":0,"menu_order":0,"comment_status":"closed","ping_status":"closed","template":"pages\/page-blocks.php","meta":{"footnotes":""},"class_list":["post-2524","page","type-page","status-publish","hentry"],"yoast_head":"<!-- This site is optimized with the Yoast SEO plugin v25.6 - https:\/\/yoast.com\/wordpress\/plugins\/seo\/ -->\n<title>EU-Projekte | METAL TRADE COMAX, a.s.<\/title>\n<meta name=\"robots\" content=\"index, follow, max-snippet:-1, max-image-preview:large, max-video-preview:-1\" \/>\n<link rel=\"canonical\" href=\"https:\/\/www.mtcomax.cz\/de\/eu-projekte\/\" \/>\n<meta property=\"og:locale\" content=\"de_DE\" \/>\n<meta property=\"og:type\" content=\"article\" \/>\n<meta property=\"og:title\" content=\"EU-Projekte | METAL TRADE COMAX, a.s.\" \/>\n<meta property=\"og:description\" content=\"EU-Projekte 2024 GARANTIE ELEKTROMOBILIT\u00c4T UNTERNEHMEN METAL TRADE COMAX, a.s. BESCHREIBUNG UND ZIELE DES PROJEKTS Ziel des Projekts war die Anschaffung eines emissionsfreien Fahrzeugs \u2013 konkret eines batteriebetriebenen Elektrofahrzeugs. Die Gesellschaft METAL TRADE COMAX, a.s. hat im Rahmen des Programms \u201eGarantie f\u00fcr Elektromobilit\u00e4t \u2013 I. Aufruf\u201c ein Elektroauto der Kategorie M1 \u2013 Volkswagen ID.3 Hatchback ID.3...\" \/>\n<meta property=\"og:url\" content=\"https:\/\/www.mtcomax.cz\/de\/eu-projekte\/\" \/>\n<meta property=\"og:site_name\" content=\"METAL TRADE COMAX, a.s.\" \/>\n<meta property=\"article:publisher\" content=\"https:\/\/www.facebook.com\/metaltradecomax\/\" \/>\n<meta property=\"article:modified_time\" content=\"2026-01-21T13:17:00+00:00\" \/>\n<meta property=\"og:image\" content=\"https:\/\/www.mtcomax.cz\/wp-content\/uploads\/2025\/01\/ZARUKA-ELEKTROMOBILITA2.png\" \/>\n\t<meta property=\"og:image:width\" content=\"742\" \/>\n\t<meta property=\"og:image:height\" content=\"74\" \/>\n\t<meta property=\"og:image:type\" content=\"image\/png\" \/>\n<meta name=\"twitter:card\" content=\"summary_large_image\" \/>\n<meta name=\"twitter:label1\" content=\"Gesch\u00e4tzte Lesezeit\" \/>\n\t<meta name=\"twitter:data1\" content=\"7\u00a0Minuten\" \/>\n<!-- \/ Yoast SEO plugin. -->","yoast_head_json":{"title":"EU-Projekte | METAL TRADE COMAX, a.s.","robots":{"index":"index","follow":"follow","max-snippet":"max-snippet:-1","max-image-preview":"max-image-preview:large","max-video-preview":"max-video-preview:-1"},"canonical":"https:\/\/www.mtcomax.cz\/de\/eu-projekte\/","og_locale":"de_DE","og_type":"article","og_title":"EU-Projekte | METAL TRADE COMAX, a.s.","og_description":"EU-Projekte 2024 GARANTIE ELEKTROMOBILIT\u00c4T UNTERNEHMEN METAL TRADE COMAX, a.s. BESCHREIBUNG UND ZIELE DES PROJEKTS Ziel des Projekts war die Anschaffung eines emissionsfreien Fahrzeugs \u2013 konkret eines batteriebetriebenen Elektrofahrzeugs. Die Gesellschaft METAL TRADE COMAX, a.s. hat im Rahmen des Programms \u201eGarantie f\u00fcr Elektromobilit\u00e4t \u2013 I. Aufruf\u201c ein Elektroauto der Kategorie M1 \u2013 Volkswagen ID.3 Hatchback ID.3...","og_url":"https:\/\/www.mtcomax.cz\/de\/eu-projekte\/","og_site_name":"METAL TRADE COMAX, a.s.","article_publisher":"https:\/\/www.facebook.com\/metaltradecomax\/","article_modified_time":"2026-01-21T13:17:00+00:00","og_image":[{"width":742,"height":74,"url":"https:\/\/www.mtcomax.cz\/wp-content\/uploads\/2025\/01\/ZARUKA-ELEKTROMOBILITA2.png","type":"image\/png"}],"twitter_card":"summary_large_image","twitter_misc":{"Gesch\u00e4tzte Lesezeit":"7\u00a0Minuten"},"schema":{"@context":"https:\/\/schema.org","@graph":[{"@type":"WebPage","@id":"https:\/\/www.mtcomax.cz\/de\/eu-projekte\/","url":"https:\/\/www.mtcomax.cz\/de\/eu-projekte\/","name":"EU-Projekte | METAL TRADE COMAX, a.s.","isPartOf":{"@id":"https:\/\/comax.brilo.work\/#website"},"primaryImageOfPage":{"@id":"https:\/\/www.mtcomax.cz\/de\/eu-projekte\/#primaryimage"},"image":{"@id":"https:\/\/www.mtcomax.cz\/de\/eu-projekte\/#primaryimage"},"thumbnailUrl":"https:\/\/www.mtcomax.cz\/wp-content\/uploads\/2025\/01\/ZARUKA-ELEKTROMOBILITA2.png","datePublished":"2023-10-23T09:34:10+00:00","dateModified":"2026-01-21T13:17:00+00:00","breadcrumb":{"@id":"https:\/\/www.mtcomax.cz\/de\/eu-projekte\/#breadcrumb"},"inLanguage":"de","potentialAction":[{"@type":"ReadAction","target":["https:\/\/www.mtcomax.cz\/de\/eu-projekte\/"]}]},{"@type":"ImageObject","inLanguage":"de","@id":"https:\/\/www.mtcomax.cz\/de\/eu-projekte\/#primaryimage","url":"https:\/\/www.mtcomax.cz\/wp-content\/uploads\/2025\/01\/ZARUKA-ELEKTROMOBILITA2.png","contentUrl":"https:\/\/www.mtcomax.cz\/wp-content\/uploads\/2025\/01\/ZARUKA-ELEKTROMOBILITA2.png"},{"@type":"BreadcrumbList","@id":"https:\/\/www.mtcomax.cz\/de\/eu-projekte\/#breadcrumb","itemListElement":[{"@type":"ListItem","position":1,"name":"Dom\u016f","item":"https:\/\/www.mtcomax.cz\/de\/"},{"@type":"ListItem","position":2,"name":"EU-Projekte"}]},{"@type":"WebSite","@id":"https:\/\/comax.brilo.work\/#website","url":"https:\/\/comax.brilo.work\/","name":"METAL TRADE COMAX, a.s.","description":"","publisher":{"@id":"https:\/\/comax.brilo.work\/#organization"},"potentialAction":[{"@type":"SearchAction","target":{"@type":"EntryPoint","urlTemplate":"https:\/\/comax.brilo.work\/?s={search_term_string}"},"query-input":{"@type":"PropertyValueSpecification","valueRequired":true,"valueName":"search_term_string"}}],"inLanguage":"de"},{"@type":"Organization","@id":"https:\/\/comax.brilo.work\/#organization","name":"METAL TRADE COMAX, a.s.","url":"https:\/\/comax.brilo.work\/","logo":{"@type":"ImageObject","inLanguage":"de","@id":"https:\/\/comax.brilo.work\/#\/schema\/logo\/image\/","url":"https:\/\/www.mtcomax.cz\/wp-content\/uploads\/2025\/09\/mtc-favikon-2.jpg","contentUrl":"https:\/\/www.mtcomax.cz\/wp-content\/uploads\/2025\/09\/mtc-favikon-2.jpg","width":500,"height":500,"caption":"METAL TRADE COMAX, a.s."},"image":{"@id":"https:\/\/comax.brilo.work\/#\/schema\/logo\/image\/"},"sameAs":["https:\/\/www.facebook.com\/metaltradecomax\/","https:\/\/www.instagram.com\/metal_trade_comax\/","https:\/\/www.linkedin.com\/company\/metal-trade-comax-a-s\/","https:\/\/www.youtube.com\/@metaltradecomaxa.s.8970"]}]}},"_links":{"self":[{"href":"https:\/\/www.mtcomax.cz\/de\/wp-json\/wp\/v2\/pages\/2524","targetHints":{"allow":["GET"]}}],"collection":[{"href":"https:\/\/www.mtcomax.cz\/de\/wp-json\/wp\/v2\/pages"}],"about":[{"href":"https:\/\/www.mtcomax.cz\/de\/wp-json\/wp\/v2\/types\/page"}],"author":[{"embeddable":true,"href":"https:\/\/www.mtcomax.cz\/de\/wp-json\/wp\/v2\/users\/1"}],"replies":[{"embeddable":true,"href":"https:\/\/www.mtcomax.cz\/de\/wp-json\/wp\/v2\/comments?post=2524"}],"version-history":[{"count":16,"href":"https:\/\/www.mtcomax.cz\/de\/wp-json\/wp\/v2\/pages\/2524\/revisions"}],"predecessor-version":[{"id":16524,"href":"https:\/\/www.mtcomax.cz\/de\/wp-json\/wp\/v2\/pages\/2524\/revisions\/16524"}],"wp:attachment":[{"href":"https:\/\/www.mtcomax.cz\/de\/wp-json\/wp\/v2\/media?parent=2524"}],"curies":[{"name":"wp","href":"https:\/\/api.w.org\/{rel}","templated":true}]}}