{"id":2486,"date":"2023-10-19T18:16:21","date_gmt":"2023-10-19T16:16:21","guid":{"rendered":"https:\/\/www.mtcomax.cz\/kariera\/"},"modified":"2024-04-23T21:38:21","modified_gmt":"2024-04-23T19:38:21","slug":"karriere","status":"publish","type":"page","link":"https:\/\/www.mtcomax.cz\/de\/karriere\/","title":{"rendered":"Karriere"},"content":{"rendered":"<h1 style=\"text-align: center;\"><b>Karriere<\/b><\/h1>\n<a class=\"kt-img-link\" href=\"https:\/\/www.mtcomax.cz\/wp-content\/uploads\/2023\/10\/prace-comax-kariera-velvary-okres-kladno-1024x683.jpg\"><img decoding=\"async\" class=\"aligncenter wp-image-129 size-large\" src=\"data:image\/gif;base64,R0lGODlhAQABAIAAAAAAAP\/\/\/yH5BAEAAAAALAAAAAABAAEAAAIBRAA7\" data-src=\"https:\/\/www.mtcomax.cz\/wp-content\/uploads\/2023\/10\/prace-comax-kariera-velvary-okres-kladno-1024x683.jpg\" alt=\"Karriere - METAL TRADE COMAX, a.s.\" width=\"1024\" height=\"683\" srcset=\"data:image\/gif;base64,R0lGODlhAQABAIAAAAAAAP\/\/\/yH5BAEAAAAALAAAAAABAAEAAAIBRAA7\" data-srcset=\"https:\/\/www.mtcomax.cz\/wp-content\/uploads\/2023\/10\/prace-comax-kariera-velvary-okres-kladno-1024x683.jpg 1024w, https:\/\/www.mtcomax.cz\/wp-content\/uploads\/2023\/10\/prace-comax-kariera-velvary-okres-kladno-300x200.jpg 300w, https:\/\/www.mtcomax.cz\/wp-content\/uploads\/2023\/10\/prace-comax-kariera-velvary-okres-kladno-768x512.jpg 768w, https:\/\/www.mtcomax.cz\/wp-content\/uploads\/2023\/10\/prace-comax-kariera-velvary-okres-kladno.jpg 1200w\" sizes=\"(max-width: 1024px) 100vw, 1024px\" \/><\/a>\n<p style=\"text-align: center;\"><strong>Wir bieten interessante Arbeitspl\u00e4tze in unseren modernen Werken in Velvary, Kol\u00edn und Litovel.<\/strong> Wir begr\u00fc\u00dfen gerne Bewerber aus den Bereichen Technik, Wirtschaft und Informatik. Erfolgreichen Bewerbern werden eine berufliche Weiterentwicklung und eine Reihe von Vorteilen geboten.<\/p>\n<p style=\"text-align: center;\"><a class=\"btn --primary\" href=\"https:\/\/www.pracecomax.cz\/volna-mista\" target=\"_blank\" rel=\"noopener\">Folgen Sie www.pracecomax.cz<\/a><\/p>\n","protected":false},"excerpt":{"rendered":"<p>Karriere Wir bieten interessante Arbeitspl\u00e4tze in unseren modernen Werken in Velvary, Kol\u00edn und Litovel. Wir begr\u00fc\u00dfen gerne Bewerber aus den Bereichen Technik, Wirtschaft und Informatik. Erfolgreichen Bewerbern werden eine berufliche Weiterentwicklung und eine Reihe von Vorteilen geboten. Folgen Sie www.pracecomax.cz<\/p>\n","protected":false},"author":1,"featured_media":0,"parent":0,"menu_order":0,"comment_status":"closed","ping_status":"closed","template":"pages\/page-blocks.php","meta":{"footnotes":""},"class_list":["post-2486","page","type-page","status-publish","hentry"],"yoast_head":"<!-- This site is optimized with the Yoast SEO plugin v25.6 - https:\/\/yoast.com\/wordpress\/plugins\/seo\/ -->\n<title>Karriere | METAL TRADE COMAX, a.s.<\/title>\n<meta name=\"description\" content=\"Wir bieten interessante Arbeitspl\u00e4tze in unseren modernen Werken in Velvary, Kol\u00edn und Litovel. Erfahren Sie mehr \u00fcber unsere offenen Stellen.\" \/>\n<meta name=\"robots\" content=\"index, follow, max-snippet:-1, max-image-preview:large, max-video-preview:-1\" \/>\n<link rel=\"canonical\" href=\"https:\/\/www.mtcomax.cz\/de\/karriere\/\" \/>\n<meta property=\"og:locale\" content=\"de_DE\" \/>\n<meta property=\"og:type\" content=\"article\" \/>\n<meta property=\"og:title\" content=\"Karriere | METAL TRADE COMAX, a.s.\" \/>\n<meta property=\"og:description\" content=\"Wir bieten interessante Arbeitspl\u00e4tze in unseren modernen Werken in Velvary, Kol\u00edn und Litovel. Erfahren Sie mehr \u00fcber unsere offenen Stellen.\" \/>\n<meta property=\"og:url\" content=\"https:\/\/www.mtcomax.cz\/de\/karriere\/\" \/>\n<meta property=\"og:site_name\" content=\"METAL TRADE COMAX, a.s.\" \/>\n<meta property=\"article:publisher\" content=\"https:\/\/www.facebook.com\/metaltradecomax\/\" \/>\n<meta property=\"article:modified_time\" content=\"2024-04-23T19:38:21+00:00\" \/>\n<meta property=\"og:image\" content=\"https:\/\/www.mtcomax.cz\/wp-content\/uploads\/2023\/10\/prace-comax-kariera-velvary-okres-kladno-1024x683.jpg\" \/>\n<meta name=\"twitter:card\" content=\"summary_large_image\" \/>\n<meta name=\"twitter:label1\" content=\"Gesch\u00e4tzte Lesezeit\" \/>\n\t<meta name=\"twitter:data1\" content=\"1\u00a0Minute\" \/>\n<!-- \/ Yoast SEO plugin. -->","yoast_head_json":{"title":"Karriere | METAL TRADE COMAX, a.s.","description":"Wir bieten interessante Arbeitspl\u00e4tze in unseren modernen Werken in Velvary, Kol\u00edn und Litovel. Erfahren Sie mehr \u00fcber unsere offenen Stellen.","robots":{"index":"index","follow":"follow","max-snippet":"max-snippet:-1","max-image-preview":"max-image-preview:large","max-video-preview":"max-video-preview:-1"},"canonical":"https:\/\/www.mtcomax.cz\/de\/karriere\/","og_locale":"de_DE","og_type":"article","og_title":"Karriere | METAL TRADE COMAX, a.s.","og_description":"Wir bieten interessante Arbeitspl\u00e4tze in unseren modernen Werken in Velvary, Kol\u00edn und Litovel. Erfahren Sie mehr \u00fcber unsere offenen Stellen.","og_url":"https:\/\/www.mtcomax.cz\/de\/karriere\/","og_site_name":"METAL TRADE COMAX, a.s.","article_publisher":"https:\/\/www.facebook.com\/metaltradecomax\/","article_modified_time":"2024-04-23T19:38:21+00:00","og_image":[{"url":"https:\/\/www.mtcomax.cz\/wp-content\/uploads\/2023\/10\/prace-comax-kariera-velvary-okres-kladno-1024x683.jpg","type":"","width":"","height":""}],"twitter_card":"summary_large_image","twitter_misc":{"Gesch\u00e4tzte Lesezeit":"1\u00a0Minute"},"schema":{"@context":"https:\/\/schema.org","@graph":[{"@type":"WebPage","@id":"https:\/\/www.mtcomax.cz\/de\/karriere\/","url":"https:\/\/www.mtcomax.cz\/de\/karriere\/","name":"Karriere | METAL TRADE COMAX, a.s.","isPartOf":{"@id":"https:\/\/comax.brilo.work\/#website"},"primaryImageOfPage":{"@id":"https:\/\/www.mtcomax.cz\/de\/karriere\/#primaryimage"},"image":{"@id":"https:\/\/www.mtcomax.cz\/de\/karriere\/#primaryimage"},"thumbnailUrl":"https:\/\/www.mtcomax.cz\/wp-content\/uploads\/2023\/10\/prace-comax-kariera-velvary-okres-kladno-1024x683.jpg","datePublished":"2023-10-19T16:16:21+00:00","dateModified":"2024-04-23T19:38:21+00:00","description":"Wir bieten interessante Arbeitspl\u00e4tze in unseren modernen Werken in Velvary, Kol\u00edn und Litovel. Erfahren Sie mehr \u00fcber unsere offenen Stellen.","breadcrumb":{"@id":"https:\/\/www.mtcomax.cz\/de\/karriere\/#breadcrumb"},"inLanguage":"de","potentialAction":[{"@type":"ReadAction","target":["https:\/\/www.mtcomax.cz\/de\/karriere\/"]}]},{"@type":"ImageObject","inLanguage":"de","@id":"https:\/\/www.mtcomax.cz\/de\/karriere\/#primaryimage","url":"https:\/\/www.mtcomax.cz\/wp-content\/uploads\/2023\/10\/prace-comax-kariera-velvary-okres-kladno-1024x683.jpg","contentUrl":"https:\/\/www.mtcomax.cz\/wp-content\/uploads\/2023\/10\/prace-comax-kariera-velvary-okres-kladno-1024x683.jpg"},{"@type":"BreadcrumbList","@id":"https:\/\/www.mtcomax.cz\/de\/karriere\/#breadcrumb","itemListElement":[{"@type":"ListItem","position":1,"name":"Dom\u016f","item":"https:\/\/www.mtcomax.cz\/de\/"},{"@type":"ListItem","position":2,"name":"Karriere"}]},{"@type":"WebSite","@id":"https:\/\/comax.brilo.work\/#website","url":"https:\/\/comax.brilo.work\/","name":"METAL TRADE COMAX, a.s.","description":"","publisher":{"@id":"https:\/\/comax.brilo.work\/#organization"},"potentialAction":[{"@type":"SearchAction","target":{"@type":"EntryPoint","urlTemplate":"https:\/\/comax.brilo.work\/?s={search_term_string}"},"query-input":{"@type":"PropertyValueSpecification","valueRequired":true,"valueName":"search_term_string"}}],"inLanguage":"de"},{"@type":"Organization","@id":"https:\/\/comax.brilo.work\/#organization","name":"METAL TRADE COMAX, a.s.","url":"https:\/\/comax.brilo.work\/","logo":{"@type":"ImageObject","inLanguage":"de","@id":"https:\/\/comax.brilo.work\/#\/schema\/logo\/image\/","url":"https:\/\/www.mtcomax.cz\/wp-content\/uploads\/2025\/09\/mtc-favikon-2.jpg","contentUrl":"https:\/\/www.mtcomax.cz\/wp-content\/uploads\/2025\/09\/mtc-favikon-2.jpg","width":500,"height":500,"caption":"METAL TRADE COMAX, a.s."},"image":{"@id":"https:\/\/comax.brilo.work\/#\/schema\/logo\/image\/"},"sameAs":["https:\/\/www.facebook.com\/metaltradecomax\/","https:\/\/www.instagram.com\/metal_trade_comax\/","https:\/\/www.linkedin.com\/company\/metal-trade-comax-a-s\/","https:\/\/www.youtube.com\/@metaltradecomaxa.s.8970"]}]}},"_links":{"self":[{"href":"https:\/\/www.mtcomax.cz\/de\/wp-json\/wp\/v2\/pages\/2486","targetHints":{"allow":["GET"]}}],"collection":[{"href":"https:\/\/www.mtcomax.cz\/de\/wp-json\/wp\/v2\/pages"}],"about":[{"href":"https:\/\/www.mtcomax.cz\/de\/wp-json\/wp\/v2\/types\/page"}],"author":[{"embeddable":true,"href":"https:\/\/www.mtcomax.cz\/de\/wp-json\/wp\/v2\/users\/1"}],"replies":[{"embeddable":true,"href":"https:\/\/www.mtcomax.cz\/de\/wp-json\/wp\/v2\/comments?post=2486"}],"version-history":[{"count":4,"href":"https:\/\/www.mtcomax.cz\/de\/wp-json\/wp\/v2\/pages\/2486\/revisions"}],"predecessor-version":[{"id":4720,"href":"https:\/\/www.mtcomax.cz\/de\/wp-json\/wp\/v2\/pages\/2486\/revisions\/4720"}],"wp:attachment":[{"href":"https:\/\/www.mtcomax.cz\/de\/wp-json\/wp\/v2\/media?parent=2486"}],"curies":[{"name":"wp","href":"https:\/\/api.w.org\/{rel}","templated":true}]}}